{"id":1065,"date":"2022-08-01T10:49:57","date_gmt":"2022-08-01T14:49:57","guid":{"rendered":"https:\/\/sunrype.wpbeta.vortexdev.com\/?page_id=1065"},"modified":"2024-11-08T13:45:40","modified_gmt":"2024-11-08T17:45:40","slug":"coupons","status":"publish","type":"page","link":"https:\/\/sunrype.wpbeta.vortexdev.com\/fr\/coupons\/","title":{"rendered":"Coupons"},"content":{"rendered":"\n<h2 class=\"wp-block-heading has-text-align-center\"><strong>Obtenez votre coupon et \u00e9conomisez sur vos saveurs pr\u00e9f\u00e9r\u00e9es!&nbsp;<\/strong><\/h2>\n\n\n\n<p class=\"has-text-align-center has-large-font-size\">N&rsquo;oubliez pas de revenir r\u00e9guli\u00e8rement pour profiter de nouveaux coupons!<\/p>\n\n\n<section class=\"products-categories-block theme-block aligndefault style--rounded\">\n            <div class=\"product-categories__category-wrapper\">\n                  <p class=\"product-categories__category-suptitle\">Slim Coupon<\/p>\n                <div class=\"products-categories__category category-color-ctheme-03\">\n          <div class=\"products-categories__category__images\">\n                                      <img decoding=\"async\" class=\"category__images__category\" src=\"https:\/\/sunrype.wpbeta.vortexdev.com\/wp-content\/uploads\/2024\/05\/SunRype-Slim-Website-Image-600x338-FR.png\" alt=\"\" title=\"\">\n                                  <\/div>\n                      <h2>\u00c9conomisez 0,75$<\/h2>\n                                          <a class=\"btn cta-btn\" href=\"https:\/\/webservice.redemco.com\/Lassonde_2251610\/promotion?lang=fr\" target=\"_blank\" rel=\"noopener\">R\u00e9clamez votre coupon Slim<\/a>\n                  <\/div>\n      <\/div>\n          <\/section>\n\n\n\n<div class=\"wp-block-columns is-layout-flex wp-container-core-columns-is-layout-1 wp-block-columns-is-layout-flex\">\n<div class=\"wp-block-column is-layout-flow wp-block-column-is-layout-flow\">\n<p class=\"has-text-align-center\">Chaque coupon est applicable sur un (1) produit SunRype<sup>MD<\/sup> Slim<sup>MD<\/sup> (1,36L), saveur au choix. <strong>Limite de 4 t\u00e9l\u00e9chargements maximum par mois. <\/strong>L\u2019offre est valable \u00e0 partir du 1<sup>er<\/sup> mai 2024 et prend fin le 31 janvier 2025. Le coupon expire 3 mois suivant la date de t\u00e9l\u00e9chargement.<\/p>\n<\/div>\n\n\n\n<div class=\"wp-block-column is-layout-flow wp-block-column-is-layout-flow\">\n<p class=\"has-text-align-center\"><\/p>\n<\/div>\n<\/div>\n","protected":false},"excerpt":{"rendered":"<p>Obtenez votre coupon et \u00e9conomisez sur vos saveurs pr\u00e9f\u00e9r\u00e9es!&nbsp; N&rsquo;oubliez pas de revenir r\u00e9guli\u00e8rement pour profiter de nouveaux coupons! Chaque coupon est applicable sur un (1) produit SunRypeMD SlimMD (1,36L), saveur au choix. Limite de 4 t\u00e9l\u00e9chargements maximum par mois. L\u2019offre est valable \u00e0 partir du 1er mai 2024 et prend fin le 31 janvier&hellip;<\/p>\n","protected":false},"author":9,"featured_media":0,"parent":0,"menu_order":0,"comment_status":"closed","ping_status":"closed","template":"","meta":{"_acf_changed":false,"_relevanssi_hide_post":"","_relevanssi_hide_content":"","_relevanssi_pin_for_all":"","_relevanssi_pin_keywords":"","_relevanssi_unpin_keywords":"","_relevanssi_related_keywords":"","_relevanssi_related_include_ids":"","_relevanssi_related_exclude_ids":"","_relevanssi_related_no_append":"","_relevanssi_related_not_related":"","_relevanssi_related_posts":"1","_relevanssi_noindex_reason":"","rank_math_lock_modified_date":false,"footnotes":""},"class_list":["post-1065","page","type-page","status-publish","hentry"],"acf":[],"_links":{"self":[{"href":"https:\/\/sunrype.wpbeta.vortexdev.com\/fr\/wp-json\/wp\/v2\/pages\/1065"}],"collection":[{"href":"https:\/\/sunrype.wpbeta.vortexdev.com\/fr\/wp-json\/wp\/v2\/pages"}],"about":[{"href":"https:\/\/sunrype.wpbeta.vortexdev.com\/fr\/wp-json\/wp\/v2\/types\/page"}],"author":[{"embeddable":true,"href":"https:\/\/sunrype.wpbeta.vortexdev.com\/fr\/wp-json\/wp\/v2\/users\/9"}],"replies":[{"embeddable":true,"href":"https:\/\/sunrype.wpbeta.vortexdev.com\/fr\/wp-json\/wp\/v2\/comments?post=1065"}],"version-history":[{"count":35,"href":"https:\/\/sunrype.wpbeta.vortexdev.com\/fr\/wp-json\/wp\/v2\/pages\/1065\/revisions"}],"predecessor-version":[{"id":5892,"href":"https:\/\/sunrype.wpbeta.vortexdev.com\/fr\/wp-json\/wp\/v2\/pages\/1065\/revisions\/5892"}],"wp:attachment":[{"href":"https:\/\/sunrype.wpbeta.vortexdev.com\/fr\/wp-json\/wp\/v2\/media?parent=1065"}],"curies":[{"name":"wp","href":"https:\/\/api.w.org\/{rel}","templated":true}]}}