{"id":147,"date":"2022-06-27T18:35:28","date_gmt":"2022-06-27T18:35:28","guid":{"rendered":"https:\/\/sunrype.wpbeta.vortexdev.com\/?page_id=147"},"modified":"2023-12-13T17:44:03","modified_gmt":"2023-12-13T21:44:03","slug":"nous-joindre","status":"publish","type":"page","link":"https:\/\/sunrype.wpbeta.vortexdev.com\/fr\/nous-joindre\/","title":{"rendered":"Nous joindre"},"content":{"rendered":"\n<p class=\"has-text-align-center has-large-font-size\">Nous vous sugg\u00e9rons de commencer par consulter notre page <a href=\"https:\/\/sunrype.wpbeta.vortexdev.com\/fr\/faq\/\">FAQ<\/a> pour conna\u00eetre les r\u00e9ponses aux questions les plus fr\u00e9quemment pos\u00e9es.<\/p>\n\n\n\n<p class=\"has-text-align-center has-large-font-size\">Si vous ne trouvez pas la r\u00e9ponse \u00e0 votre question ou si vous voulez nous faire part d&rsquo;un commentaire, cliquez simplement sur le lien ci-dessous. Vous serez redirig\u00e9 vers la page contact de Lassonde Industries.&nbsp;<\/p>\n\n\n\n<p class=\"has-text-align-center has-large-font-size\">Merci de vos commentaires!<\/p>\n\n\n\n<div class=\"wp-block-buttons is-content-justification-center is-layout-flex wp-container-core-buttons-is-layout-1 wp-block-buttons-is-layout-flex\">\n<div class=\"wp-block-button aligncenter cta-tracking\"><a class=\"wp-block-button__link wp-element-button\" href=\"https:\/\/lassonde.zendesk.com\/hc\/fr-ca\/requests\/new\" target=\"_blank\" rel=\"noreferrer noopener\">Contactez-nous<\/a><\/div>\n<\/div>\n\n\n\n<div style=\"height:50px\" aria-hidden=\"true\" class=\"wp-block-spacer\"><\/div>\n\n\n\n<p class=\"has-text-align-center has-large-font-size\">Vous organisez un \u00e9v\u00e9nement ou une collecte de fonds et vous recherchez un don ou un commanditaire ? Veuillez soumettre une demande via notre formulaire en ligne, en utilisant le lien ci-dessous.<\/p>\n\n\n\n<div class=\"wp-block-buttons is-content-justification-center is-layout-flex wp-container-core-buttons-is-layout-2 wp-block-buttons-is-layout-flex\">\n<div class=\"wp-block-button\"><a class=\"wp-block-button__link wp-element-button\" href=\"https:\/\/www.lassonde.com\/fr\/dons-et-commandites\/\" target=\"_blank\" rel=\"noopener\">Soumettre une demande de commandite<\/a><\/div>\n<\/div>\n\n\n\n<p><\/p>\n","protected":false},"excerpt":{"rendered":"<p>Nous vous sugg\u00e9rons de commencer par consulter notre page FAQ pour conna\u00eetre les r\u00e9ponses aux questions les plus fr\u00e9quemment pos\u00e9es. Si vous ne trouvez pas la r\u00e9ponse \u00e0 votre question ou si vous voulez nous faire part d&rsquo;un commentaire, cliquez simplement sur le lien ci-dessous. Vous serez redirig\u00e9 vers la page contact de Lassonde Industries.&nbsp;&hellip;<\/p>\n","protected":false},"author":9,"featured_media":0,"parent":0,"menu_order":0,"comment_status":"closed","ping_status":"closed","template":"","meta":{"_acf_changed":false,"_relevanssi_hide_post":"","_relevanssi_hide_content":"","_relevanssi_pin_for_all":"","_relevanssi_pin_keywords":"","_relevanssi_unpin_keywords":"","_relevanssi_related_keywords":"","_relevanssi_related_include_ids":"","_relevanssi_related_exclude_ids":"","_relevanssi_related_no_append":"","_relevanssi_related_not_related":"","_relevanssi_related_posts":"1","_relevanssi_noindex_reason":"","rank_math_lock_modified_date":false,"footnotes":""},"class_list":["post-147","page","type-page","status-publish","hentry"],"acf":[],"_links":{"self":[{"href":"https:\/\/sunrype.wpbeta.vortexdev.com\/fr\/wp-json\/wp\/v2\/pages\/147"}],"collection":[{"href":"https:\/\/sunrype.wpbeta.vortexdev.com\/fr\/wp-json\/wp\/v2\/pages"}],"about":[{"href":"https:\/\/sunrype.wpbeta.vortexdev.com\/fr\/wp-json\/wp\/v2\/types\/page"}],"author":[{"embeddable":true,"href":"https:\/\/sunrype.wpbeta.vortexdev.com\/fr\/wp-json\/wp\/v2\/users\/9"}],"replies":[{"embeddable":true,"href":"https:\/\/sunrype.wpbeta.vortexdev.com\/fr\/wp-json\/wp\/v2\/comments?post=147"}],"version-history":[{"count":12,"href":"https:\/\/sunrype.wpbeta.vortexdev.com\/fr\/wp-json\/wp\/v2\/pages\/147\/revisions"}],"predecessor-version":[{"id":3855,"href":"https:\/\/sunrype.wpbeta.vortexdev.com\/fr\/wp-json\/wp\/v2\/pages\/147\/revisions\/3855"}],"wp:attachment":[{"href":"https:\/\/sunrype.wpbeta.vortexdev.com\/fr\/wp-json\/wp\/v2\/media?parent=147"}],"curies":[{"name":"wp","href":"https:\/\/api.w.org\/{rel}","templated":true}]}}