{"id":4284,"date":"2024-05-24T12:25:10","date_gmt":"2024-05-24T16:25:10","guid":{"rendered":"https:\/\/sunrype.wpbeta.vortexdev.com\/?page_id=4284"},"modified":"2025-03-27T09:23:21","modified_gmt":"2025-03-27T13:23:21","slug":"collations-100-fruits","status":"publish","type":"page","link":"https:\/\/sunrype.wpbeta.vortexdev.com\/fr\/collations-100-fruits\/","title":{"rendered":"Pour l&rsquo;amour des fruits"},"content":{"rendered":"<section class=\"sunrype-video-block theme-block is-style-small-margins alignwide\" style=\"background-image: url(https:\/\/sunrype.wpbeta.vortexdev.com\/wp-content\/uploads\/2025\/03\/sunrype_videoframe.png)\">\n  <button class=\"sunrype-video__toggle-button sunrype-video__play-btn\"><\/button>\n  <div class=\"sunrype-video__popup\">\n    <button class=\"sunrype-video__toggle-button close-popup\"><\/button>\n    <iframe loading=\"lazy\" class=\"sunrype-video__iframe\" width=\"956\" height=\"538\" src=\"https:\/\/sunrype.wpbeta.vortexdev.com\/wp-content\/uploads\/2025\/03\/SunRype_Snacks_Evergreen_FR_FINAL-1.mp4\" frameborder=\"0\" allow=\"accelerometer; autoplay; clipboard-write; encrypted-media; gyroscope; picture-in-picture\" allowfullscreen><\/iframe>\n  <\/div>\n  <\/section>\n\n\n\n<div class=\"wp-block-cover alignfull is-light\"><span aria-hidden=\"true\" class=\"wp-block-cover__background has-white-background-color has-background-dim-100 has-background-dim\"><\/span><div class=\"wp-block-cover__inner-container is-layout-constrained wp-block-cover-is-layout-constrained\">\n<div class=\"wp-block-media-text alignfull is-stacked-on-mobile has-background\" style=\"background-color:#efe3fa\"><figure class=\"wp-block-media-text__media\"><img decoding=\"async\" width=\"701\" height=\"755\" src=\"https:\/\/sunrype.wpbeta.vortexdev.com\/wp-content\/uploads\/2024\/05\/fruits_media_text.jpg\" alt=\"\" class=\"wp-image-4087 size-full\" title=\"\" srcset=\"https:\/\/sunrype.wpbeta.vortexdev.com\/wp-content\/uploads\/2024\/05\/fruits_media_text.jpg 701w, https:\/\/sunrype.wpbeta.vortexdev.com\/wp-content\/uploads\/2024\/05\/fruits_media_text-279x300.jpg 279w\" sizes=\"(max-width: 701px) 100vw, 701px\" \/><\/figure><div class=\"wp-block-media-text__content\">\n<h2 class=\"wp-block-heading\">Nous le gardons r\u00e9el pour l&rsquo;amour des fruits<\/h2>\n\n\n\n<p>Chez SunRype, nous restons toujours fid\u00e8les \u00e0 nos racines. Nous fabriquons nos collations aux fruits comme vous vous y attendez, avec des fruits et des ar\u00f4mes naturels. Nous ne tournons pas autour du pot ; nous utilisons de v\u00e9ritables pur\u00e9es et jus de fruits pour cr\u00e9er le genre de collations que toute la famille appr\u00e9ciera. Nous proc\u00e9dons ainsi parce que nous aimons les fruits, et nous savons que vous les aimez aussi.<\/p>\n<\/div><\/div>\n<\/div><\/div>\n\n\n  <section class=\"columns-carousel-block theme-block alignfull style--color_background\">\n    <div class=\"columns-carousel-block__inner container\">\n              <h2 class=\"columns-carousel-block__title has-text-align-center\">Des collations dont les amoureux des fruits raffolent<\/h2>\n                  <div class=\"columns-carousel swiper\">\n        <div class=\"swiper-wrapper\">\n                      <div class=\"columns-carousel__item-wrapper swiper-slide\">\n              <div class=\"columns-carousel__item\">                                  <div class=\"columns-carousel__item__thumbnail-wrapper\">\n                    <div class=\"columns-carousel__item__thumbnail\" style=\"background-image: url(https:\/\/sunrype.wpbeta.vortexdev.com\/wp-content\/uploads\/2024\/05\/girl_apple.jpg);\"><\/div>\n                  <\/div>\n                                <h3 class=\"columns-carousel__item__title heading-size-4\">Go\u00fbter la diff\u00e9rence<\/h3>\n                                  <div class=\"columns-carousel__item__text\"><p class=\"styles__Root-sc-1myek4t-0 kjYVax sc-gSQGeZ kaBEne styles__Root-sc-15iyh5a-0 hLHizP\" style=\"text-align: center\">Lorsque l&rsquo;on part d&rsquo;une pur\u00e9e de pommes et que l&rsquo;on y ajoute des jus de fruits, on obtient de d\u00e9licieuses collations aux fruits. Nous fabriquons des collations aux fruits depuis 1946, au milieu des vergers de la vall\u00e9e de l&rsquo;Okanagan, en Colombie-Britannique.<\/p>\n<\/div>\n                              <\/div>            <\/div>\n                      <div class=\"columns-carousel__item-wrapper swiper-slide\">\n              <div class=\"columns-carousel__item\">                                  <div class=\"columns-carousel__item__thumbnail-wrapper\">\n                    <div class=\"columns-carousel__item__thumbnail\" style=\"background-image: url(https:\/\/sunrype.wpbeta.vortexdev.com\/wp-content\/uploads\/2024\/05\/strwberry_picking.jpg);\"><\/div>\n                  <\/div>\n                                <h3 class=\"columns-carousel__item__title heading-size-4\">Uniquement des sucres de fruits naturels<\/h3>\n                                  <div class=\"columns-carousel__item__text\"><p class=\"styles__Root-sc-1myek4t-0 kjYVax sc-gSQGeZ kaBEne styles__Root-sc-15iyh5a-0 hLHizP\" style=\"text-align: center\">Nos collations ne contiennent que des sucres de fruits naturels. Elles ne sont jamais remplies d&rsquo;\u00e9l\u00e9ments tels que le sirop de ma\u00efs \u00e0 haute teneur en fructose ou les sucres raffin\u00e9s. Qu&rsquo;il s&rsquo;agisse de bandes, de bouch\u00e9es ou de barres, nous avons des collations dont toute la famille raffolera.<\/p>\n<\/div>\n                              <\/div>            <\/div>\n                      <div class=\"columns-carousel__item-wrapper swiper-slide\">\n              <div class=\"columns-carousel__item\">                                  <div class=\"columns-carousel__item__thumbnail-wrapper\">\n                    <div class=\"columns-carousel__item__thumbnail\" style=\"background-image: url(https:\/\/sunrype.wpbeta.vortexdev.com\/wp-content\/uploads\/2024\/05\/berries.png);\"><\/div>\n                  <\/div>\n                                <h3 class=\"columns-carousel__item__title heading-size-4\">Des ingr\u00e9dients sains<\/h3>\n                                  <div class=\"columns-carousel__item__text\"><p style=\"text-align: center\">Sachez exactement ce que vous mangez et ce que vous donnez \u00e0 manger \u00e0 votre famille. Nous n&rsquo;utilisons jamais de sirop de ma\u00efs, d&rsquo;amidon de ma\u00efs, de maltodextrine ou d&rsquo;autres substances nocives que vous ne voulez pas dans vos collations.<\/p>\n<\/div>\n                              <\/div>            <\/div>\n                  <\/div>\n      <\/div>\n    <\/div>\n    <div class=\"columns-carousel__navigation\">\n      <div class=\"swiper-button-prev\"><\/div>\n      <div class=\"swiper-button-next\"><\/div>\n      <div class=\"swiper-pagination\"><\/div>\n    <\/div>\n  <\/section>\n  \n\n\n<h2 class=\"wp-block-heading has-text-align-center has-primary-color has-text-color has-link-color wp-elements-1fa7a5edc371d4d4992bf8575495124b\">D\u00e9couvrez votre amour des fruits<\/h2>\n\n\n\n<p class=\"has-text-align-center\">Pour les enfants (et les adultes) \u00e0 la recherche d&rsquo;une collation saine \u00e0 emporter. Nos bandes, barres et bouch\u00e9es sont fabriqu\u00e9es \u00e0 partir de pur\u00e9e et de jus de fruits v\u00e9ritables. Avec tant de saveurs, vous aurez peut-\u00eatre du mal \u00e0 n&rsquo;en choisir qu&rsquo;une seule.<\/p>\n\n\n\n  <section class=\"product-subcategories-block theme-block alignfull\">\n    <div class=\"product-subcategories-carousel-wrapper\">\n      <div class=\"product-subcategories-carousel swiper\">\n        <div class=\"swiper-wrapper\">\n                      <div class=\"swiper-slide product-subcategory-wrapper\">\n              <a href=\"https:\/\/sunrype.wpbeta.vortexdev.com\/fr\/nos-produits\/fruit-to-go\/\" class=\"product-subcategory ctheme-05\">\n                                  <div class=\"product-subcategory__images-wrapper\">\n                    <img decoding=\"async\" src=\"https:\/\/sunrype.wpbeta.vortexdev.com\/wp-content\/uploads\/2022\/08\/Fruittogo_EN-FR-1.png\" alt=\"\" title=\"\">\n                  <\/div>\n                                <div class=\"product-subcategory__inner\">\n                                      <p class=\"product-subcategory__title\" aria-hidden=\"true\">Fruit to Go<\/p>\n                                                        <div class=\"product-subcategory__cta-wrapper\">\n                      <span class=\"btn product-subcategory__cta\">\n                        Trouvez votre saveur                      <\/span>\n                    <\/div>\n                                  <\/div>\n              <\/a>\n            <\/div>\n                      <div class=\"swiper-slide product-subcategory-wrapper\">\n              <a href=\"https:\/\/sunrype.wpbeta.vortexdev.com\/fr\/nos-produits\/fruitsource\/\" class=\"product-subcategory ctheme-01\">\n                                  <div class=\"product-subcategory__images-wrapper\">\n                    <img decoding=\"async\" src=\"https:\/\/sunrype.wpbeta.vortexdev.com\/wp-content\/uploads\/2022\/08\/fruitsource_EN-FR-1.png\" alt=\"\" title=\"\">\n                  <\/div>\n                                <div class=\"product-subcategory__inner\">\n                                      <p class=\"product-subcategory__title\" aria-hidden=\"true\">Fruitsource<\/p>\n                                                        <div class=\"product-subcategory__cta-wrapper\">\n                      <span class=\"btn product-subcategory__cta\">\n                        Trouvez votre saveur                      <\/span>\n                    <\/div>\n                                  <\/div>\n              <\/a>\n            <\/div>\n                      <div class=\"swiper-slide product-subcategory-wrapper\">\n              <a href=\"https:\/\/sunrype.wpbeta.vortexdev.com\/fr\/nos-produits\/bouchees-de-fruits-biologiques\/\" class=\"product-subcategory ctheme-08\">\n                                  <div class=\"product-subcategory__images-wrapper\">\n                    <img decoding=\"async\" src=\"https:\/\/sunrype.wpbeta.vortexdev.com\/wp-content\/uploads\/2024\/05\/fruitsource_EN-FR-1-2.png\" alt=\"\" title=\"\">\n                  <\/div>\n                                <div class=\"product-subcategory__inner\">\n                                      <p class=\"product-subcategory__title\" aria-hidden=\"true\">Bouch\u00e9es de fruits biologiques<\/p>\n                                                        <div class=\"product-subcategory__cta-wrapper\">\n                      <span class=\"btn product-subcategory__cta\">\n                        Trouvez votre saveur                      <\/span>\n                    <\/div>\n                                  <\/div>\n              <\/a>\n            <\/div>\n                  <\/div>\n      <\/div>\n    <\/div>\n    <div class=\"product-subcategories-carousel__navigation\">\n      <div class=\"swiper-button-prev\"><\/div>\n      <div class=\"swiper-button-next\"><\/div>\n    <\/div>\n  <\/section>\n  ","protected":false},"excerpt":{"rendered":"<p>D\u00e9couvrez votre amour des fruits Pour les enfants (et les adultes) \u00e0 la recherche d&rsquo;une collation saine \u00e0 emporter. Nos bandes, barres et bouch\u00e9es sont fabriqu\u00e9es \u00e0 partir de pur\u00e9e et de jus de fruits v\u00e9ritables. Avec tant de saveurs, vous aurez peut-\u00eatre du mal \u00e0 n&rsquo;en choisir qu&rsquo;une seule.<\/p>\n","protected":false},"author":9,"featured_media":0,"parent":0,"menu_order":0,"comment_status":"closed","ping_status":"closed","template":"","meta":{"_acf_changed":false,"_relevanssi_hide_post":"","_relevanssi_hide_content":"","_relevanssi_pin_for_all":"","_relevanssi_pin_keywords":"","_relevanssi_unpin_keywords":"","_relevanssi_related_keywords":"","_relevanssi_related_include_ids":"","_relevanssi_related_exclude_ids":"","_relevanssi_related_no_append":"","_relevanssi_related_not_related":"","_relevanssi_related_posts":"","_relevanssi_noindex_reason":"","rank_math_lock_modified_date":false,"footnotes":""},"class_list":["post-4284","page","type-page","status-publish","hentry"],"acf":[],"_links":{"self":[{"href":"https:\/\/sunrype.wpbeta.vortexdev.com\/fr\/wp-json\/wp\/v2\/pages\/4284"}],"collection":[{"href":"https:\/\/sunrype.wpbeta.vortexdev.com\/fr\/wp-json\/wp\/v2\/pages"}],"about":[{"href":"https:\/\/sunrype.wpbeta.vortexdev.com\/fr\/wp-json\/wp\/v2\/types\/page"}],"author":[{"embeddable":true,"href":"https:\/\/sunrype.wpbeta.vortexdev.com\/fr\/wp-json\/wp\/v2\/users\/9"}],"replies":[{"embeddable":true,"href":"https:\/\/sunrype.wpbeta.vortexdev.com\/fr\/wp-json\/wp\/v2\/comments?post=4284"}],"version-history":[{"count":8,"href":"https:\/\/sunrype.wpbeta.vortexdev.com\/fr\/wp-json\/wp\/v2\/pages\/4284\/revisions"}],"predecessor-version":[{"id":5908,"href":"https:\/\/sunrype.wpbeta.vortexdev.com\/fr\/wp-json\/wp\/v2\/pages\/4284\/revisions\/5908"}],"wp:attachment":[{"href":"https:\/\/sunrype.wpbeta.vortexdev.com\/fr\/wp-json\/wp\/v2\/media?parent=4284"}],"curies":[{"name":"wp","href":"https:\/\/api.w.org\/{rel}","templated":true}]}}