{"id":710,"date":"2022-07-04T14:23:40","date_gmt":"2022-07-04T18:23:40","guid":{"rendered":"https:\/\/sunrype.wpbeta.vortexdev.com\/?page_id=710"},"modified":"2024-08-30T12:30:34","modified_gmt":"2024-08-30T16:30:34","slug":"breuvages","status":"publish","type":"page","link":"https:\/\/sunrype.wpbeta.vortexdev.com\/fr\/breuvages\/","title":{"rendered":"Breuvages"},"content":{"rendered":"\n<div class=\"wp-block-media-text alignwide is-stacked-on-mobile\"><figure class=\"wp-block-media-text__media\"><img decoding=\"async\" width=\"1024\" height=\"683\" src=\"https:\/\/sunrype.wpbeta.vortexdev.com\/wp-content\/uploads\/2024\/07\/breuvages-sunrype_1024x683.png\" alt=\"\" class=\"wp-image-4719 size-full\" title=\"\" srcset=\"https:\/\/sunrype.wpbeta.vortexdev.com\/wp-content\/uploads\/2024\/07\/breuvages-sunrype_1024x683.png 1024w, https:\/\/sunrype.wpbeta.vortexdev.com\/wp-content\/uploads\/2024\/07\/breuvages-sunrype_1024x683-300x200.png 300w, https:\/\/sunrype.wpbeta.vortexdev.com\/wp-content\/uploads\/2024\/07\/breuvages-sunrype_1024x683-768x512.png 768w\" sizes=\"(max-width: 1024px) 100vw, 1024px\" \/><\/figure><div class=\"wp-block-media-text__content\">\n<h2 class=\"wp-block-heading\">Du soleil dans chaque gorg\u00e9e<\/h2>\n\n\n\n<p>Il n&rsquo;y a rien de mieux que le soleil de la c\u00f4te ouest pour rendre hommage \u00e0 nos racines, et nous croyons que vous devriez le go\u00fbter dans tous nos jus. C\u2019est pourquoi nous ajoutons une partie de ce qui d\u00e9finit la r\u00e9gion ensoleill\u00e9e de l&rsquo;Okanagan \u00e0 nos jus faits de fruits, de l\u00e9gumes et d&rsquo;ingr\u00e9dients simples. <\/p>\n\n\n\n<p>Avez-vous remarqu\u00e9 que tous nos produits sont assortis aux couleurs des diff\u00e9rents couchers et levers de soleil de la c\u00f4te ouest ?<\/p>\n\n\n\n<div class=\"wp-block-buttons is-layout-flex wp-block-buttons-is-layout-flex\">\n<div class=\"wp-block-button\"><a class=\"wp-block-button__link wp-element-button\" href=\"https:\/\/sunrype.wpbeta.vortexdev.com\/fr\/nos-produits\/\">TROUVEZ VOTRE SAVEUR<\/a><\/div>\n<\/div>\n<\/div><\/div>\n\n\n\n<div class=\"wp-block-media-text alignwide has-media-on-the-right is-stacked-on-mobile\"><div class=\"wp-block-media-text__content\">\n<h2 class=\"wp-block-heading\">Des racines profondes et des branches solides<\/h2>\n\n\n\n<p>SunRype est n\u00e9 sous le magnifique soleil de la Colombie-Britannique, en 1946, et nous ne pourrions \u00eatre plus fiers de nos racines canadiennes. Lorsque vous choisissez les jus SunRype, vous offrez du soleil \u00e0 votre famille (en plus de soutenir l&rsquo;\u00e9conomie locale). Nos employ\u00e9s sont d\u00e9vou\u00e9s et fiers d\u2019ajouter tous les d\u00e9licieux bienfaits qui se retrouvent \u00e0 l\u2019int\u00e9rieur de nos jus pour plaire aux familles de l&rsquo;Ouest du Canada.<\/p>\n\n\n\n<div class=\"wp-block-buttons is-layout-flex wp-block-buttons-is-layout-flex\">\n<div class=\"wp-block-button\"><a class=\"wp-block-button__link wp-element-button\" href=\"https:\/\/sunrype.wpbeta.vortexdev.com\/fr\/notre-histoire\/\">D\u00c9COUVREZ NOTRE HISTOIRE<\/a><\/div>\n<\/div>\n<\/div><figure class=\"wp-block-media-text__media\"><img decoding=\"async\" width=\"800\" height=\"800\" src=\"https:\/\/sunrype.wpbeta.vortexdev.com\/wp-content\/uploads\/2024\/05\/made-in-bc-800x800-1.png\" alt=\"\" class=\"wp-image-4156 size-full\" title=\"\" srcset=\"https:\/\/sunrype.wpbeta.vortexdev.com\/wp-content\/uploads\/2024\/05\/made-in-bc-800x800-1.png 800w, https:\/\/sunrype.wpbeta.vortexdev.com\/wp-content\/uploads\/2024\/05\/made-in-bc-800x800-1-300x300.png 300w, https:\/\/sunrype.wpbeta.vortexdev.com\/wp-content\/uploads\/2024\/05\/made-in-bc-800x800-1-150x150.png 150w, https:\/\/sunrype.wpbeta.vortexdev.com\/wp-content\/uploads\/2024\/05\/made-in-bc-800x800-1-768x768.png 768w\" sizes=\"(max-width: 800px) 100vw, 800px\" \/><\/figure><\/div>\n\n\n\n<h2 class=\"wp-block-heading has-text-align-center\"><strong>Le soleil de la c\u00f4te ouest dans un verre, tout simplement<\/strong><\/h2>\n\n\n\n<p class=\"has-text-align-center has-large-font-size\"><span style=\"font-family: docs-Calibri;\">Savourez le moment avec des jus remplis d&rsquo;ondes positives de la c\u00f4te ouest \u2026 Parce que la vie go\u00fbte toujours meilleur avec un peu<br>de soleil.<\/span><\/p>\n\n\n<section class=\"sunrype-video-block theme-block alignwide\" style=\"background-image: url(https:\/\/sunrype.wpbeta.vortexdev.com\/wp-content\/uploads\/2024\/05\/theres-sunshine-inside-video-start.png)\">\n  <button class=\"sunrype-video__toggle-button sunrype-video__play-btn\"><\/button>\n  <div class=\"sunrype-video__popup\">\n    <button class=\"sunrype-video__toggle-button close-popup\"><\/button>\n    <iframe loading=\"lazy\" class=\"sunrype-video__iframe\" width=\"956\" height=\"538\" src=\"\" frameborder=\"0\" allow=\"accelerometer; autoplay; clipboard-write; encrypted-media; gyroscope; picture-in-picture\" allowfullscreen><\/iframe>\n  <\/div>\n      <img decoding=\"async\" class=\"sunrype-video__overlap-image\" src=\"https:\/\/sunrype.wpbeta.vortexdev.com\/wp-content\/uploads\/2022\/06\/pommes.png\" alt=\"\" title=\"\">\n  <\/section>\n\n\n\n  <section class=\"product-subcategories-block theme-block alignfull\">\n    <div class=\"product-subcategories-carousel-wrapper\">\n      <div class=\"product-subcategories-carousel swiper\">\n        <div class=\"swiper-wrapper\">\n                      <div class=\"swiper-slide product-subcategory-wrapper\">\n              <a href=\"https:\/\/sunrype.wpbeta.vortexdev.com\/fr\/nos-produits\/jus-de-pomme-pur\/\" class=\"product-subcategory ctheme-08\">\n                                  <div class=\"product-subcategory__images-wrapper\">\n                    <img decoding=\"async\" src=\"https:\/\/sunrype.wpbeta.vortexdev.com\/wp-content\/uploads\/2023\/07\/ourproducts-apple_homepage_FR.png\" alt=\"\" title=\"\">\n                  <\/div>\n                                <div class=\"product-subcategory__inner\">\n                                      <p class=\"product-subcategory__title\" aria-hidden=\"true\">Jus de pomme pure<\/p>\n                                                        <div class=\"product-subcategory__cta-wrapper\">\n                      <span class=\"btn product-subcategory__cta\">\n                        Trouvez votre saveur                      <\/span>\n                    <\/div>\n                                  <\/div>\n              <\/a>\n            <\/div>\n                      <div class=\"swiper-slide product-subcategory-wrapper\">\n              <a href=\"https:\/\/sunrype.wpbeta.vortexdev.com\/fr\/nos-produits\/100-jus\/\" class=\"product-subcategory ctheme-01\">\n                                  <div class=\"product-subcategory__images-wrapper\">\n                    <img decoding=\"async\" src=\"https:\/\/sunrype.wpbeta.vortexdev.com\/wp-content\/uploads\/2023\/07\/ourproducts-100jus_homepage_FR.png\" alt=\"\" title=\"\">\n                  <\/div>\n                                <div class=\"product-subcategory__inner\">\n                                      <p class=\"product-subcategory__title\" aria-hidden=\"true\">100% jus<\/p>\n                                                        <div class=\"product-subcategory__cta-wrapper\">\n                      <span class=\"btn product-subcategory__cta\">\n                        Trouvez votre saveur                      <\/span>\n                    <\/div>\n                                  <\/div>\n              <\/a>\n            <\/div>\n                      <div class=\"swiper-slide product-subcategory-wrapper\">\n              <a href=\"https:\/\/sunrype.wpbeta.vortexdev.com\/fr\/nos-produits\/slim\/\" class=\"product-subcategory ctheme-03\">\n                                  <div class=\"product-subcategory__images-wrapper\">\n                    <img decoding=\"async\" src=\"https:\/\/sunrype.wpbeta.vortexdev.com\/wp-content\/uploads\/2023\/07\/ourproducts-slim_homepage_FR.png\" alt=\"\" title=\"\">\n                  <\/div>\n                                <div class=\"product-subcategory__inner\">\n                                      <p class=\"product-subcategory__title\" aria-hidden=\"true\">Slim<\/p>\n                                                        <div class=\"product-subcategory__cta-wrapper\">\n                      <span class=\"btn product-subcategory__cta\">\n                        Trouvez votre saveur                      <\/span>\n                    <\/div>\n                                  <\/div>\n              <\/a>\n            <\/div>\n                      <div class=\"swiper-slide product-subcategory-wrapper\">\n              <a href=\"https:\/\/sunrype.wpbeta.vortexdev.com\/fr\/nos-produits\/60-moins-de-sucre\/\" class=\"product-subcategory ctheme-07\">\n                                  <div class=\"product-subcategory__images-wrapper\">\n                    <img decoding=\"async\" src=\"https:\/\/sunrype.wpbeta.vortexdev.com\/wp-content\/uploads\/2023\/07\/ourproducts-lesssugar_homepage_FR.png\" alt=\"\" title=\"\">\n                  <\/div>\n                                <div class=\"product-subcategory__inner\">\n                                      <p class=\"product-subcategory__title\" aria-hidden=\"true\">60% moins de sucre<\/p>\n                                                        <div class=\"product-subcategory__cta-wrapper\">\n                      <span class=\"btn product-subcategory__cta\">\n                        Trouvez votre saveur                      <\/span>\n                    <\/div>\n                                  <\/div>\n              <\/a>\n            <\/div>\n                      <div class=\"swiper-slide product-subcategory-wrapper\">\n              <a href=\"https:\/\/sunrype.wpbeta.vortexdev.com\/fr\/nos-produits\/fruit-plus-legumes\/\" class=\"product-subcategory ctheme-04\">\n                                  <div class=\"product-subcategory__images-wrapper\">\n                    <img decoding=\"async\" src=\"https:\/\/sunrype.wpbeta.vortexdev.com\/wp-content\/uploads\/2023\/07\/ourproducts-fruitveggies_homepage_FR.png\" alt=\"\" title=\"\">\n                  <\/div>\n                                <div class=\"product-subcategory__inner\">\n                                      <p class=\"product-subcategory__title\" aria-hidden=\"true\">Fruit plus l\u00e9gumes<\/p>\n                                                        <div class=\"product-subcategory__cta-wrapper\">\n                      <span class=\"btn product-subcategory__cta\">\n                        Trouvez votre saveur                      <\/span>\n                    <\/div>\n                                  <\/div>\n              <\/a>\n            <\/div>\n                  <\/div>\n      <\/div>\n    <\/div>\n    <div class=\"product-subcategories-carousel__navigation\">\n      <div class=\"swiper-button-prev\"><\/div>\n      <div class=\"swiper-button-next\"><\/div>\n    <\/div>\n  <\/section>\n  \n\n  <section class=\"floating-image-block theme-block alignfull position-right\" data-aos=\"fade-left\">\n    <img decoding=\"async\" src=\"https:\/\/sunrype.wpbeta.vortexdev.com\/wp-content\/uploads\/2022\/07\/raisins.png\" alt=\"raisins\" title=\"\">\n  <\/section>\n  \n\n\n  <section class=\"highlight-products-block theme-block alignfull\">\n          <h2 class=\"container highlight-products__title\">Nos produits<\/h2>\n        <div class=\"highlight-products-carousel swiper\">\n      <div class=\"swiper-wrapper\">\n        \n<a class=\"listing__item listing__item--product swiper-slide has-thumbnail\" \n                                                   href=\"https:\/\/sunrype.wpbeta.vortexdev.com\/fr\/nos-produits\/60-moins-de-sucre\/baies-sauvages\/tetra-200ml\/\" data-product-category=\"SunRype 60% moins de sucre\" data-product-name=\"BAIES SAUVAGES\" data-product-size=\"200mL\">\n  <div class=\"listing__item__thumbnail-wrapper\">\n    <div class=\"listing__item__thumbnail\" style=\"background-image:url(https:\/\/sunrype.wpbeta.vortexdev.com\/wp-content\/uploads\/pl\/products\/FR_057961033332_7165.png);\"><\/div>\n  <\/div>\n  <div class=\"listing__item__content-wrapper\">\n    <div class=\"listing__item__metas\">\n              <p class=\"listing__item__category\">SunRype 60% moins de sucre<\/p>\n                    <p class=\"listing__item__extra-meta\">200mL<\/p>\n          <\/div>\n    <div class=\"listing__item__title-wrapper\">\n      <h2 class=\"listing__item__title\">BAIES SAUVAGES<\/h2>\n      <div class=\"icon-arrow-wrapper\">\n        <div class=\"icon-arrow-wrapper\">\n  <svg class=\"arrow-icon\" xmlns=\"http:\/\/www.w3.org\/2000\/svg\", width=\"28\", height=\"24\", viewBox=\"0 0 28 24\">\n    <g fill=\"none\" stroke=\"#2175FF\" stroke-width=\"2\", stroke-linejoin=\"round\", stroke-miterlimit=\"10\">\n      <circle class=\"arrow-icon--circle\" cx=\"12\", cy=\"12\", r=\"11.12\"><\/circle>\n      <polygon class=\"arrow-icon--arrow\" points=\"0 -5.06261699e-14 4.714 4.532 0 9.062 3.285 9.062 8 4.532 3.285 -5.06261699e-14\"><\/polygon>\n    <\/g>\n  <\/svg>\n<\/div>\n      <\/div>\n    <\/div>\n  <\/div>\n<\/a>\n\n<a class=\"listing__item listing__item--product swiper-slide has-thumbnail\" \n                                                   href=\"https:\/\/sunrype.wpbeta.vortexdev.com\/fr\/nos-produits\/fruit-plus-legumes\/fraise-banane-2\/plastique-pet-1-36l\/\" data-product-category=\"SunRype Fruits plus l\u00e9gumes\" data-product-name=\"FRAISE BANANE\" data-product-size=\"1.36L\">\n  <div class=\"listing__item__thumbnail-wrapper\">\n    <div class=\"listing__item__thumbnail\" style=\"background-image:url(https:\/\/sunrype.wpbeta.vortexdev.com\/wp-content\/uploads\/pl\/products\/FR_057961020455_7300.png);\"><\/div>\n  <\/div>\n  <div class=\"listing__item__content-wrapper\">\n    <div class=\"listing__item__metas\">\n              <p class=\"listing__item__category\">SunRype Fruits plus l\u00e9gumes<\/p>\n                    <p class=\"listing__item__extra-meta\">1.36L<\/p>\n          <\/div>\n    <div class=\"listing__item__title-wrapper\">\n      <h2 class=\"listing__item__title\">FRAISE BANANE<\/h2>\n      <div class=\"icon-arrow-wrapper\">\n        <div class=\"icon-arrow-wrapper\">\n  <svg class=\"arrow-icon\" xmlns=\"http:\/\/www.w3.org\/2000\/svg\", width=\"28\", height=\"24\", viewBox=\"0 0 28 24\">\n    <g fill=\"none\" stroke=\"#2175FF\" stroke-width=\"2\", stroke-linejoin=\"round\", stroke-miterlimit=\"10\">\n      <circle class=\"arrow-icon--circle\" cx=\"12\", cy=\"12\", r=\"11.12\"><\/circle>\n      <polygon class=\"arrow-icon--arrow\" points=\"0 -5.06261699e-14 4.714 4.532 0 9.062 3.285 9.062 8 4.532 3.285 -5.06261699e-14\"><\/polygon>\n    <\/g>\n  <\/svg>\n<\/div>\n      <\/div>\n    <\/div>\n  <\/div>\n<\/a>\n\n<a class=\"listing__item listing__item--product swiper-slide has-thumbnail\" \n                                                   href=\"https:\/\/sunrype.wpbeta.vortexdev.com\/fr\/nos-produits\/jus-de-pomme-pur\/jus-de-pomme-non-fait-de-concentre-3\/tetra-slim-1l\/\" data-product-category=\"SunRype non fait de concentr\u00e9\" data-product-name=\"JUS DE POMME NON FAIT DE CONCENTR\u00c9\" data-product-size=\"1L\">\n  <div class=\"listing__item__thumbnail-wrapper\">\n    <div class=\"listing__item__thumbnail\" style=\"background-image:url(https:\/\/sunrype.wpbeta.vortexdev.com\/wp-content\/uploads\/pl\/products\/FR_057961000228_7166.png);\"><\/div>\n  <\/div>\n  <div class=\"listing__item__content-wrapper\">\n    <div class=\"listing__item__metas\">\n              <p class=\"listing__item__category\">SunRype non fait de concentr\u00e9<\/p>\n                    <p class=\"listing__item__extra-meta\">1L<\/p>\n          <\/div>\n    <div class=\"listing__item__title-wrapper\">\n      <h2 class=\"listing__item__title\">JUS DE POMME NON FAIT DE CONCENTR\u00c9<\/h2>\n      <div class=\"icon-arrow-wrapper\">\n        <div class=\"icon-arrow-wrapper\">\n  <svg class=\"arrow-icon\" xmlns=\"http:\/\/www.w3.org\/2000\/svg\", width=\"28\", height=\"24\", viewBox=\"0 0 28 24\">\n    <g fill=\"none\" stroke=\"#2175FF\" stroke-width=\"2\", stroke-linejoin=\"round\", stroke-miterlimit=\"10\">\n      <circle class=\"arrow-icon--circle\" cx=\"12\", cy=\"12\", r=\"11.12\"><\/circle>\n      <polygon class=\"arrow-icon--arrow\" points=\"0 -5.06261699e-14 4.714 4.532 0 9.062 3.285 9.062 8 4.532 3.285 -5.06261699e-14\"><\/polygon>\n    <\/g>\n  <\/svg>\n<\/div>\n      <\/div>\n    <\/div>\n  <\/div>\n<\/a>\n\n<a class=\"listing__item listing__item--product swiper-slide has-thumbnail\" \n                                                   href=\"https:\/\/sunrype.wpbeta.vortexdev.com\/fr\/nos-produits\/slim\/pamplemousse-rose\/plastique-pet-1-36l\/\" data-product-category=\"SunRype Slim\" data-product-name=\"PAMPLEMOUSSE ROSE\" data-product-size=\"1.36L\">\n  <div class=\"listing__item__thumbnail-wrapper\">\n    <div class=\"listing__item__thumbnail\" style=\"background-image:url(https:\/\/sunrype.wpbeta.vortexdev.com\/wp-content\/uploads\/pl\/products\/FR_057961033103_7652.png);\"><\/div>\n  <\/div>\n  <div class=\"listing__item__content-wrapper\">\n    <div class=\"listing__item__metas\">\n              <p class=\"listing__item__category\">SunRype Slim<\/p>\n                    <p class=\"listing__item__extra-meta\">1.36L<\/p>\n          <\/div>\n    <div class=\"listing__item__title-wrapper\">\n      <h2 class=\"listing__item__title\">PAMPLEMOUSSE ROSE<\/h2>\n      <div class=\"icon-arrow-wrapper\">\n        <div class=\"icon-arrow-wrapper\">\n  <svg class=\"arrow-icon\" xmlns=\"http:\/\/www.w3.org\/2000\/svg\", width=\"28\", height=\"24\", viewBox=\"0 0 28 24\">\n    <g fill=\"none\" stroke=\"#2175FF\" stroke-width=\"2\", stroke-linejoin=\"round\", stroke-miterlimit=\"10\">\n      <circle class=\"arrow-icon--circle\" cx=\"12\", cy=\"12\", r=\"11.12\"><\/circle>\n      <polygon class=\"arrow-icon--arrow\" points=\"0 -5.06261699e-14 4.714 4.532 0 9.062 3.285 9.062 8 4.532 3.285 -5.06261699e-14\"><\/polygon>\n    <\/g>\n  <\/svg>\n<\/div>\n      <\/div>\n    <\/div>\n  <\/div>\n<\/a>\n      <\/div>\n      <div class=\"highlight-products-carousel__navigation\">\n        <div class=\"swiper-button-prev\"><\/div>\n        <div class=\"swiper-button-next\"><\/div>\n      <\/div>\n      <div class=\"highlight-products-carousel__pagination swiper-pagination\"><\/div>\n    <\/div>\n  <\/section>\n  ","protected":false},"excerpt":{"rendered":"<p>Le soleil de la c\u00f4te ouest dans un verre, tout simplement Savourez le moment avec des jus remplis d&rsquo;ondes positives de la c\u00f4te ouest \u2026 Parce que la vie go\u00fbte toujours meilleur avec un peude soleil.<\/p>\n","protected":false},"author":9,"featured_media":2774,"parent":0,"menu_order":0,"comment_status":"closed","ping_status":"closed","template":"","meta":{"_acf_changed":false,"_relevanssi_hide_post":"","_relevanssi_hide_content":"","_relevanssi_pin_for_all":"","_relevanssi_pin_keywords":"","_relevanssi_unpin_keywords":"","_relevanssi_related_keywords":"","_relevanssi_related_include_ids":"","_relevanssi_related_exclude_ids":"","_relevanssi_related_no_append":"","_relevanssi_related_not_related":"","_relevanssi_related_posts":"1","_relevanssi_noindex_reason":"","rank_math_lock_modified_date":false,"footnotes":""},"class_list":["post-710","page","type-page","status-publish","has-post-thumbnail","hentry"],"acf":[],"_links":{"self":[{"href":"https:\/\/sunrype.wpbeta.vortexdev.com\/fr\/wp-json\/wp\/v2\/pages\/710"}],"collection":[{"href":"https:\/\/sunrype.wpbeta.vortexdev.com\/fr\/wp-json\/wp\/v2\/pages"}],"about":[{"href":"https:\/\/sunrype.wpbeta.vortexdev.com\/fr\/wp-json\/wp\/v2\/types\/page"}],"author":[{"embeddable":true,"href":"https:\/\/sunrype.wpbeta.vortexdev.com\/fr\/wp-json\/wp\/v2\/users\/9"}],"replies":[{"embeddable":true,"href":"https:\/\/sunrype.wpbeta.vortexdev.com\/fr\/wp-json\/wp\/v2\/comments?post=710"}],"version-history":[{"count":50,"href":"https:\/\/sunrype.wpbeta.vortexdev.com\/fr\/wp-json\/wp\/v2\/pages\/710\/revisions"}],"predecessor-version":[{"id":5758,"href":"https:\/\/sunrype.wpbeta.vortexdev.com\/fr\/wp-json\/wp\/v2\/pages\/710\/revisions\/5758"}],"wp:featuredmedia":[{"embeddable":true,"href":"https:\/\/sunrype.wpbeta.vortexdev.com\/fr\/wp-json\/wp\/v2\/media\/2774"}],"wp:attachment":[{"href":"https:\/\/sunrype.wpbeta.vortexdev.com\/fr\/wp-json\/wp\/v2\/media?parent=710"}],"curies":[{"name":"wp","href":"https:\/\/api.w.org\/{rel}","templated":true}]}}