{"id":903,"date":"2022-07-21T13:47:52","date_gmt":"2022-07-21T17:47:52","guid":{"rendered":"https:\/\/sunrype.wpbeta.vortexdev.com\/?page_id=903"},"modified":"2022-08-31T11:58:28","modified_gmt":"2022-08-31T15:58:28","slug":"emploi","status":"publish","type":"page","link":"https:\/\/sunrype.wpbeta.vortexdev.com\/fr\/emploi\/","title":{"rendered":"Emploi"},"content":{"rendered":"\n<div class=\"wp-block-buttons is-layout-flex wp-block-buttons-is-layout-flex\"><\/div>\n\n\n\n<p class=\"has-text-align-center has-large-font-size\"><strong>Vous voulez vous joindre \u00e0 l&rsquo;\u00e9quipe SunRype? Chouette!&nbsp;<\/strong><\/p>\n\n\n\n<p class=\"has-text-align-center has-large-font-size\">Ici, nous misons sur l&rsquo;innovation, la collaboration et la croissance. Nous avons comme d\u00e9fi d&rsquo;atteindre de nouveaux sommets et nous c\u00e9l\u00e9brons tous nos succ\u00e8s en \u00e9quipe. Avec plus de 300 personnes \u00e0 notre usine et \u00e0 notre bureau dans la vall\u00e9e de l&rsquo;Okanagan, de nouvelles occasions de carri\u00e8re s&rsquo;offrent constamment \u00e0 vous. De plus, nous offrons un ensemble d&rsquo;avantages sociaux concurrentiels et un r\u00e9gime de retraite.&nbsp;<\/p>\n\n\n\n<p class=\"has-text-align-center has-large-font-size\">SunRype s&rsquo;est r\u00e9cemment joint \u00e0 la famille Lassonde. En cliquant sur le lien ci-dessous, vous serez redirig\u00e9 vers le site corporatif de Lassonde, o\u00f9 vous trouverez toutes nos offres d&#8217;emploi et nos formulaires de candidature. Nous avons h\u00e2te d&rsquo;avoir de vos nouvelles!<\/p>\n\n\n\n<div class=\"wp-block-buttons is-content-justification-center is-layout-flex wp-container-core-buttons-is-layout-2 wp-block-buttons-is-layout-flex\">\n<div class=\"wp-block-button\"><a class=\"wp-block-button__link\" href=\"https:\/\/www.lassonde.com\/fr\/carrieres\/\" target=\"_blank\" rel=\"noopener\">&nbsp;VOIR LES POSTES DISPONIBLES<\/a><\/div>\n<\/div>\n","protected":false},"excerpt":{"rendered":"<p>Vous voulez vous joindre \u00e0 l&rsquo;\u00e9quipe SunRype? Chouette!&nbsp; Ici, nous misons sur l&rsquo;innovation, la collaboration et la croissance. Nous avons comme d\u00e9fi d&rsquo;atteindre de nouveaux sommets et nous c\u00e9l\u00e9brons tous nos succ\u00e8s en \u00e9quipe. Avec plus de 300 personnes \u00e0 notre usine et \u00e0 notre bureau dans la vall\u00e9e de l&rsquo;Okanagan, de nouvelles occasions de&hellip;<\/p>\n","protected":false},"author":9,"featured_media":0,"parent":0,"menu_order":0,"comment_status":"closed","ping_status":"closed","template":"","meta":{"_acf_changed":false,"_relevanssi_hide_post":"","_relevanssi_hide_content":"","_relevanssi_pin_for_all":"","_relevanssi_pin_keywords":"","_relevanssi_unpin_keywords":"","_relevanssi_related_keywords":"","_relevanssi_related_include_ids":"","_relevanssi_related_exclude_ids":"","_relevanssi_related_no_append":"","_relevanssi_related_not_related":"","_relevanssi_related_posts":"1","_relevanssi_noindex_reason":"","rank_math_lock_modified_date":false,"footnotes":""},"class_list":["post-903","page","type-page","status-publish","hentry"],"acf":[],"_links":{"self":[{"href":"https:\/\/sunrype.wpbeta.vortexdev.com\/fr\/wp-json\/wp\/v2\/pages\/903"}],"collection":[{"href":"https:\/\/sunrype.wpbeta.vortexdev.com\/fr\/wp-json\/wp\/v2\/pages"}],"about":[{"href":"https:\/\/sunrype.wpbeta.vortexdev.com\/fr\/wp-json\/wp\/v2\/types\/page"}],"author":[{"embeddable":true,"href":"https:\/\/sunrype.wpbeta.vortexdev.com\/fr\/wp-json\/wp\/v2\/users\/9"}],"replies":[{"embeddable":true,"href":"https:\/\/sunrype.wpbeta.vortexdev.com\/fr\/wp-json\/wp\/v2\/comments?post=903"}],"version-history":[{"count":10,"href":"https:\/\/sunrype.wpbeta.vortexdev.com\/fr\/wp-json\/wp\/v2\/pages\/903\/revisions"}],"predecessor-version":[{"id":2822,"href":"https:\/\/sunrype.wpbeta.vortexdev.com\/fr\/wp-json\/wp\/v2\/pages\/903\/revisions\/2822"}],"wp:attachment":[{"href":"https:\/\/sunrype.wpbeta.vortexdev.com\/fr\/wp-json\/wp\/v2\/media?parent=903"}],"curies":[{"name":"wp","href":"https:\/\/api.w.org\/{rel}","templated":true}]}}