{"id":94,"date":"2022-06-23T21:11:37","date_gmt":"2022-06-23T21:11:37","guid":{"rendered":"https:\/\/sunrype.wpbeta.vortexdev.com\/?page_id=94"},"modified":"2023-06-29T13:00:59","modified_gmt":"2023-06-29T17:00:59","slug":"faq","status":"publish","type":"page","link":"https:\/\/sunrype.wpbeta.vortexdev.com\/fr\/faq\/","title":{"rendered":"FAQ"},"content":{"rendered":"\n<h3 class=\"wp-block-heading has-text-align-center\">Coupons &amp; R\u00e9ductions de Co\u00fbts<\/h3>\n\n\n\n<div class=\"block-accordions-group theme-block theme-block--innerblock aligndefault\">\n    <span class=\"theme-block__label\">Accord\u00e9ons<\/span>\n  \n    \n<div class=\"block-accordion  theme-block theme-block--innerblock aligndefault\">\n    <span class=\"theme-block__label\">Accord\u00e9on<\/span>\n    <h3 class=\"block-accordion__title\">O\u00f9 puis-je obtenir des coupons pour vos produits? <\/h3>\n    \n\n<p>Les coupons offerts sur nos produits se trouvent \u00e0 la page <a href=\"https:\/\/sunrype.wpbeta.vortexdev.com\/fr\/coupons\/\">Coupons<\/a>. Passez voir quels coupons nous vous offrons aujourd&rsquo;hui m\u00eame!<\/p>\n\n\n<\/div>\n\n                    \n\n\n<\/div>\n\n\n\n<h3 class=\"wp-block-heading has-text-align-center\">Produits &amp; Nutrition<\/h3>\n\n\n\n<div class=\"block-accordions-group theme-block theme-block--innerblock aligndefault\">\n    <span class=\"theme-block__label\">Accord\u00e9ons<\/span>\n  \n    \n<div class=\"block-accordion  theme-block theme-block--innerblock aligndefault\">\n    <span class=\"theme-block__label\">Accord\u00e9on<\/span>\n    <h3 class=\"block-accordion__title\">Est-ce que vos produits contiennent des arachides ou des noix?<\/h3>\n    \n\n<p>Les jus et collations SunRype ne contiennent pas d\u2019arachide ni de noix. Si vous ou un de vos proches avez des allergies, nous vous recommandons de toujours lire la liste des ingr\u00e9dients des produits avant de les consommer. La liste des ingr\u00e9dients sur l\u2019emballage offre toujours l\u2019information la plus juste et la plus r\u00e9cente \u00e0 propos du produit.<\/p>\n\n\n<\/div>\n\n                    \n\n\n<div class=\"block-accordion  theme-block theme-block--innerblock aligndefault\">\n    <span class=\"theme-block__label\">Accord\u00e9on<\/span>\n    <h3 class=\"block-accordion__title\"> Est-ce que vos produits contiennent un ou des ingr\u00e9dients d\u2019origine animale?<\/h3>\n    \n\n<p>Aucun de nos produits ne contient d\u2019ingr\u00e9dient d\u2019origine animale.<\/p>\n\n\n<\/div>\n\n                    \n\n\n<div class=\"block-accordion  theme-block theme-block--innerblock aligndefault\">\n    <span class=\"theme-block__label\">Accord\u00e9on<\/span>\n    <h3 class=\"block-accordion__title\">Vos produits contiennent-ils des ar\u00f4mes ou des colorants artificiels?<\/h3>\n    \n\n<p>Nous sommes fiers de dire que nous n\u2019ajoutons ni ar\u00f4me ni colorant artificiel aux savoureux produits SunRype. En fait, aucun d\u2019eux ne contient de ces additifs, ce qui vous permet de les servir \u00e0 votre famille en toute confiance.<\/p>\n\n\n<\/div>\n\n                    \n\n\n<div class=\"block-accordion  theme-block theme-block--innerblock aligndefault\">\n    <span class=\"theme-block__label\">Accord\u00e9on<\/span>\n    <h3 class=\"block-accordion__title\">Est-ce que vous ajoutez des nutriments aux produits SunRype? Si oui, pourquoi?<\/h3>\n    \n\n<p>Oui. Pourquoi ? Parce que de nombreux nutriments, comme la vitamine C que nous ajoutons \u00e0 nos jus, sont bons pour la sant\u00e9. Une grande part de la valeur nutritive de nos produits provient des fruits et des l\u00e9gumes eux-m\u00eames, mais nous ajoutons certains autres nutriments en raison de leurs bienfaits essentiels \u00e0 la croissance et \u00e0 la sant\u00e9.<\/p>\n\n\n<\/div>\n\n                    \n\n\n<div class=\"block-accordion  theme-block theme-block--innerblock aligndefault\">\n    <span class=\"theme-block__label\">Accord\u00e9on<\/span>\n    <h3 class=\"block-accordion__title\"> Comment faire pour bien comprendre l\u2019information nutritionnelle?<\/h3>\n    \n\n<p>La lecture des \u00e9tiquettes ne devrait pas n\u00e9cessiter un baccalaur\u00e9at en science. L\u2019information nutritionnelle sur les emballages permet de conna\u00eetre la valeur nutritive des aliments. Pour en savoir plus, balayez l\u2019\u00e9tiquette ci-dessous avec votre souris. N\u2019h\u00e9sitez pas \u00e0 nous communiquer vos questions. Vous pouvez aussi consulter les site de <a href=\"https:\/\/www.canada.ca\/fr\/sante-canada\/services\/aliments-nutrition\/etiquetage-aliments\/etiquetage-nutritionnel.html\" target=\"_blank\" rel=\"noreferrer noopener\">Sant\u00e9 Canada<\/a> et des<a href=\"https:\/\/www.dietitians.ca\/Advocacy\/Priority-Issues-(1)\/Food-Policy?lang=fr-CA\" target=\"_blank\" rel=\"noreferrer noopener\"> Di\u00e9t\u00e9tistes du Canada<\/a> pour trouver d\u2019autres renseignements.<\/p>\n\n\n<\/div>\n\n                    \n\n\n<div class=\"block-accordion  theme-block theme-block--innerblock aligndefault\">\n    <span class=\"theme-block__label\">Accord\u00e9on<\/span>\n    <h3 class=\"block-accordion__title\">Est-ce que les jus ou les collations contiennent du gluten?<\/h3>\n    \n\n<p>Les jus et collations 100% purs fruits ne contiennent pas de gluten. Si vous ou un de vos proches avez des allergies, nous vous recommandons de toujours lire la liste des ingr\u00e9dients des produits avant de les consommer. La liste des ingr\u00e9dients sur l\u2019emballage offre toujours l\u2019information la plus juste et la plus r\u00e9cente \u00e0 propos du produit.<\/p>\n\n\n<\/div>\n\n                    \n\n\n<div class=\"block-accordion  theme-block theme-block--innerblock aligndefault\">\n    <span class=\"theme-block__label\">Accord\u00e9on<\/span>\n    <h3 class=\"block-accordion__title\"> Mes enfants adorent le jus SunRype. Peuvent-ils vraiment en boire trop dans une journ\u00e9e?<\/h3>\n    \n\n<p>Le jus devrait \u00eatre consomm\u00e9 avec mod\u00e9ration, dans une alimentation saine et \u00e9quilibr\u00e9e et en conjonction avec un mode de vie actif. Le jus ne devrait pas remplacer le lait, surtout chez les jeunes enfants. Chacun devrait consommer des fruits et des l\u00e9gumes vari\u00e9s tous les jours, comme le recommande le <a href=\"https:\/\/guide-alimentaire.canada.ca\/fr\/\" target=\"_blank\" rel=\"noreferrer noopener\">Guide alimentaire canadien<\/a>. Pour obtenir de plus amples renseignements sur les aliments et leur valeur nutritive, il est toujours recommand\u00e9 de consulter un di\u00e9t\u00e9tiste ou un professionnel de la sant\u00e9 pr\u00e8s de chez vous.<\/p>\n\n\n<\/div>\n\n                    \n\n\n<div class=\"block-accordion  theme-block theme-block--innerblock aligndefault\">\n    <span class=\"theme-block__label\">Accord\u00e9on<\/span>\n    <h3 class=\"block-accordion__title\"> Qu\u2019en est-il des allerg\u00e8nes dans vos produits?<\/h3>\n    \n\n<p>Nous nous sommes engag\u00e9s \u00e0 vous donner acc\u00e8s \u00e0 toute l\u2019information dont vous avez besoin pour choisir vos aliments et vos boissons en toute connaissance de cause. C\u2019est pourquoi nous nous assurons que la pr\u00e9sence de l\u2019un ou l\u2019autre des neuf ingr\u00e9dients allerg\u00e8nes les plus importants soit toujours indiqu\u00e9e clairement sur nos \u00e9tiquettes : arachides, noix, graines de s\u00e9same, lait, \u0153ufs, bl\u00e9, soja, sulfites, poissons et fruits de mer. Si vous ou un de vos proches avez des allergies, nous vous recommandons de toujours lire la liste des ingr\u00e9dients des produits avant de les consommer. La liste des ingr\u00e9dients sur l\u2019emballage offre toujours l\u2019information la plus juste et la plus r\u00e9cente \u00e0 propos du produit.<\/p>\n\n\n<\/div>\n\n                    \n\n\n<div class=\"block-accordion  theme-block theme-block--innerblock aligndefault\">\n    <span class=\"theme-block__label\">Accord\u00e9on<\/span>\n    <h3 class=\"block-accordion__title\">Quelle est la diff\u00e9rence entre les jus faits de concentr\u00e9 et non faits de concentr\u00e9?<\/h3>\n    \n\n<p>Notre jus de pomme pur \u00e0 non fait de concentr\u00e9 est un vrai \u00ab produit non fait de concentr\u00e9 \u00bb. Ce jus frais press\u00e9, fait \u00e0 partir de pommes cultiv\u00e9es en Am\u00e9rique du Nord, est l\u2019embl\u00e8me m\u00eame de SunRype. Ces pommes proviennent de r\u00e9gions de la c\u00f4te du Pacifique, notamment la r\u00e9gion britanno-colombienne de Kelowna dans la vall\u00e9e de l\u2019Okanagan et celle de la vall\u00e9e de Yamaka dans l\u2019\u00c9tat de Washington. Nous produisons aussi des jus qui contiennent du concentr\u00e9 de jus. Le proc\u00e9d\u00e9 de concentration consiste \u00e0 chauffer le jus pour faire \u00e9vaporer une partie de l\u2019eau qu\u2019il contient tout en conservant le go\u00fbt. R\u00e9duire la quantit\u00e9 d\u2019eau facilite le transport et le rend plus \u00e9conomique. C\u2019est ensuite en usine que de l\u2019eau est remise dans le concentr\u00e9 pour donner un jus de grande qualit\u00e9.<\/p>\n\n\n<\/div>\n\n                    \n\n\n<div class=\"block-accordion  theme-block theme-block--innerblock aligndefault\">\n    <span class=\"theme-block__label\">Accord\u00e9on<\/span>\n    <h3 class=\"block-accordion__title\">D&#039;o\u00f9 provient le sucre dans vos jus et collations de fruits \u00e0 100%? <\/h3>\n    \n\n<p>Tous les fruits et l\u00e9gumes contiennent des sucres d&rsquo;origine naturelle. Ainsi, lorsque vous savourez le go\u00fbt sucr\u00e9 et rafra\u00eechissant de nos collations et jus de fruits \u00e0 100% SunRype, les seuls sucres que vous consommez sont ceux se trouvant d\u00e9j\u00e0 naturellement dans les fruits et les l\u00e9gumes.<\/p>\n\n\n<\/div>\n\n                    \n\n\n<\/div>\n\n\n\n<h3 class=\"wp-block-heading has-text-align-center\"><strong>Emballage &amp; Stockage<\/strong><\/h3>\n\n\n\n<div class=\"block-accordions-group theme-block theme-block--innerblock aligndefault\">\n    <span class=\"theme-block__label\">Accord\u00e9ons<\/span>\n  \n    \n<div class=\"block-accordion  theme-block theme-block--innerblock aligndefault\">\n    <span class=\"theme-block__label\">Accord\u00e9on<\/span>\n    <h3 class=\"block-accordion__title\">Est-ce que je peux mettre les contenants de jus au cong\u00e9lateur? <\/h3>\n    \n\n<p>Nous ne recommandons pas la cong\u00e9lation et la d\u00e9cong\u00e9lation des contenants de jus SunRype. Ils ne sont pas con\u00e7us pour la cong\u00e9lation et pourraient couler.<\/p>\n\n\n<\/div>\n\n                    \n\n\n<div class=\"block-accordion  theme-block theme-block--innerblock aligndefault\">\n    <span class=\"theme-block__label\">Accord\u00e9on<\/span>\n    <h3 class=\"block-accordion__title\">Combien de temps puis-je conserver un contenant de jus ouvert au r\u00e9frig\u00e9rateur? <\/h3>\n    \n\n<p>Comme les jus SunRype ne contiennent pas d\u2019agents de conservation, ils doivent \u00eatre r\u00e9frig\u00e9r\u00e9s apr\u00e8s ouverture. Pour profiter au maximum du go\u00fbt et de la fra\u00eecheur de nos jus, vous devriez les consommer dans les 7 \u00e0 10 jours suivants.<\/p>\n\n\n<\/div>\n\n                    \n\n\n<div class=\"block-accordion  theme-block theme-block--innerblock aligndefault\">\n    <span class=\"theme-block__label\">Accord\u00e9on<\/span>\n    <h3 class=\"block-accordion__title\">Est-il dangereux de consommer un produit apr\u00e8s sa date de p\u00e9remption? <\/h3>\n    \n\n<p>Pour profiter au maximum de&nbsp;la fra\u00eecheur et du go\u00fbt d&rsquo;un produit, il est pr\u00e9f\u00e9rable de le consommer&nbsp;avant la date de p\u00e9remption indiqu\u00e9e sur l\u2019emballage.<\/p>\n\n\n<\/div>\n\n                    \n\n\n<div class=\"block-accordion  theme-block theme-block--innerblock aligndefault\">\n    <span class=\"theme-block__label\">Accord\u00e9on<\/span>\n    <h3 class=\"block-accordion__title\">Les emballages de SunRype sont-ils recyclables? <\/h3>\n    \n\n<p>Les emballages de SunRype sont recyclables l\u00e0 o\u00f9 les installations le permettent. Il faut noter que les directives \u00e0 ce sujet varient d\u2019une province \u00e0 l\u2019autre, et nous vous recommandons de vous informer aupr\u00e8s de votre municipalit\u00e9 pour avoir l\u2019heure juste.<\/p>\n\n\n<\/div>\n\n                    \n\n\n<div class=\"block-accordion  theme-block theme-block--innerblock aligndefault\">\n    <span class=\"theme-block__label\">Accord\u00e9on<\/span>\n    <h3 class=\"block-accordion__title\">Vos contenants de plastique contiennent-ils des BPA? <\/h3>\n    \n\n<p>Nos produits sont sans danger pour votre famille et vous. Le controvers\u00e9 compos\u00e9 chimique bisph\u00e9nol A (BPA) n\u2019est pas utilis\u00e9 dans nos contenants de plastique, ni comme mati\u00e8re premi\u00e8re ni comme additif. Le num\u00e9ro 7 indiqu\u00e9 sur nos bouteilles de plastique ne signifie pas qu\u2019elles contiennent des BPA. Ce num\u00e9ro sert uniquement \u00e0 aider les consommateurs et l\u2019industrie du recyclage dans le tri des contenants.<\/p>\n\n\n<\/div>\n\n                    \n\n\n<div class=\"block-accordion  theme-block theme-block--innerblock aligndefault\">\n    <span class=\"theme-block__label\">Accord\u00e9on<\/span>\n    <h3 class=\"block-accordion__title\">Qu\u2019est-ce que je devrais faire si le contenant est gonfl\u00e9 ou s\u2019il coule? <\/h3>\n    \n\n<p>Si le contenant semble gonfl\u00e9 ou s\u2019il fuit, le produit ne devrait pas \u00eatre consomm\u00e9. C\u2019est le signe que l\u2019emballage n\u2019est plus scell\u00e9 ad\u00e9quatement. L\u2019air peut donc y p\u00e9n\u00e9trer et d\u00e9t\u00e9riorer la qualit\u00e9 du produit et de l\u2019emballage.<\/p>\n\n\n<\/div>\n\n                    \n\n\n<div class=\"block-accordion  theme-block theme-block--innerblock aligndefault\">\n    <span class=\"theme-block__label\">Accord\u00e9on<\/span>\n    <h3 class=\"block-accordion__title\">Pourquoi les pots de pur\u00e9e de pommes ont-ils des stries et des rainures ? Ne pourriez-vous utiliser des contenants souples? <\/h3>\n    \n\n<p>Nos contenants \u00e0 pur\u00e9e de pommes ont \u00e9t\u00e9 con\u00e7us pour r\u00e9sister au remplissage \u00e0 chaud. Les sillons contribuent \u00e0 maintenir la structure de l&#8217;emballage durant le processus. Les contenants souples que vous connaissez, comme ceux du beurre d\u2019arachide, sont remplis \u00e0 froid et ne subissent donc pas les m\u00eames variations de temp\u00e9rature.<\/p>\n\n\n<\/div>\n\n                    \n\n\n<\/div>\n\n\n\n<h3 class=\"wp-block-heading has-text-align-center\">G\u00e9n\u00e9rale<\/h3>\n\n\n\n<div class=\"block-accordions-group theme-block theme-block--innerblock aligndefault\">\n    <span class=\"theme-block__label\">Accord\u00e9ons<\/span>\n  \n    \n<div class=\"block-accordion  theme-block theme-block--innerblock aligndefault\">\n    <span class=\"theme-block__label\">Accord\u00e9on<\/span>\n    <h3 class=\"block-accordion__title\"> Est-il possible d\u2019acheter des produits SunRype directement de l\u2019entreprise?<\/h3>\n    \n\n<p>Nos produits sont distribu\u00e9s par l\u2019interm\u00e9diaire d\u2019un grand r\u00e9seau de commercialisation en gros et se trouvent chez divers <a href=\"https:\/\/sunrype.wpbeta.vortexdev.com\/fr\/ou-acheter\/\">d\u00e9taillants en magasin et en ligne<\/a>. Nous ne vendons pas directement et n\u2019offrons pas la possibilit\u00e9 de commander par la poste ou en ligne.<\/p>\n\n\n<\/div>\n\n                    \n\n\n<div class=\"block-accordion  theme-block theme-block--innerblock aligndefault\">\n    <span class=\"theme-block__label\">Accord\u00e9on<\/span>\n    <h3 class=\"block-accordion__title\"> Est-il possible de visiter les usines de SunRype?<\/h3>\n    \n\n<p>Nous n\u2019offrons pas la visite de nos installations. Pour en savoir plus sur l\u2019<a href=\"https:\/\/sunrype.wpbeta.vortexdev.com\/fr\/notre-histoire\/\">histoire<\/a> de nos produits, vous \u00eates invit\u00e9 \u00e0 visiter le mus\u00e9e Orchard Industry Museum, situ\u00e9 au 1304, Ellis Street \u00e0 Kelowna, en Colombie-Britannique.<\/p>\n\n\n<\/div>\n\n                    \n\n\n<div class=\"block-accordion  theme-block theme-block--innerblock aligndefault\">\n    <span class=\"theme-block__label\">Accord\u00e9on<\/span>\n    <h3 class=\"block-accordion__title\">O\u00f9 puis-je me procurer des coupons pour des produits SunRype? <\/h3>\n    \n\n<p>Nous offrons r\u00e9guli\u00e8rement des coupons promotionnels &nbsp;&nbsp;&nbsp;&nbsp;&nbsp;dans les magazines, lors de promotions en ligne et en tablettes ainsi que lors de d\u00e9monstrations dans les points de vente. Passez voir notre page de <a href=\"https:\/\/sunrype.wpbeta.vortexdev.com\/fr\/coupons\/\">coupons<\/a> promotionnels pour faire des \u00e9conomies sur des produits SunRype!<\/p>\n\n\n<\/div>\n\n                    \n\n\n<div class=\"block-accordion  theme-block theme-block--innerblock aligndefault\">\n    <span class=\"theme-block__label\">Accord\u00e9on<\/span>\n    <h3 class=\"block-accordion__title\">O\u00f9 puis-je trouver vos produits? <\/h3>\n    \n\n<p>Nos produits sont offerts en \u00e9picerie, dans les d\u00e9panneurs, les pharmacies, les magasins-entrep\u00f4ts et les grossistes partout au Canada. Toutefois, les magasins-entrep\u00f4ts ne tiennent pas tous les produits. Si vous ne trouvez pas le produit que vous cherchez, sugg\u00e9rez au g\u00e9rant \u00e0 votre point de vente d\u2019offrir ce produit SunRype.<\/p>\n\n\n<\/div>\n\n                    \n\n\n<\/div>\n","protected":false},"excerpt":{"rendered":"<p>Coupons &amp; R\u00e9ductions de Co\u00fbts Produits &amp; Nutrition Emballage &amp; Stockage G\u00e9n\u00e9rale<\/p>\n","protected":false},"author":9,"featured_media":0,"parent":0,"menu_order":0,"comment_status":"closed","ping_status":"closed","template":"","meta":{"_acf_changed":false,"_relevanssi_hide_post":"","_relevanssi_hide_content":"","_relevanssi_pin_for_all":"","_relevanssi_pin_keywords":"","_relevanssi_unpin_keywords":"","_relevanssi_related_keywords":"","_relevanssi_related_include_ids":"","_relevanssi_related_exclude_ids":"","_relevanssi_related_no_append":"","_relevanssi_related_not_related":"","_relevanssi_related_posts":"1","_relevanssi_noindex_reason":"","rank_math_lock_modified_date":false,"footnotes":""},"class_list":["post-94","page","type-page","status-publish","hentry"],"acf":[],"_links":{"self":[{"href":"https:\/\/sunrype.wpbeta.vortexdev.com\/fr\/wp-json\/wp\/v2\/pages\/94"}],"collection":[{"href":"https:\/\/sunrype.wpbeta.vortexdev.com\/fr\/wp-json\/wp\/v2\/pages"}],"about":[{"href":"https:\/\/sunrype.wpbeta.vortexdev.com\/fr\/wp-json\/wp\/v2\/types\/page"}],"author":[{"embeddable":true,"href":"https:\/\/sunrype.wpbeta.vortexdev.com\/fr\/wp-json\/wp\/v2\/users\/9"}],"replies":[{"embeddable":true,"href":"https:\/\/sunrype.wpbeta.vortexdev.com\/fr\/wp-json\/wp\/v2\/comments?post=94"}],"version-history":[{"count":43,"href":"https:\/\/sunrype.wpbeta.vortexdev.com\/fr\/wp-json\/wp\/v2\/pages\/94\/revisions"}],"predecessor-version":[{"id":3247,"href":"https:\/\/sunrype.wpbeta.vortexdev.com\/fr\/wp-json\/wp\/v2\/pages\/94\/revisions\/3247"}],"wp:attachment":[{"href":"https:\/\/sunrype.wpbeta.vortexdev.com\/fr\/wp-json\/wp\/v2\/media?parent=94"}],"curies":[{"name":"wp","href":"https:\/\/api.w.org\/{rel}","templated":true}]}}