{"id":474,"date":"2022-06-29T21:49:23","date_gmt":"2022-06-30T01:49:23","guid":{"rendered":"https:\/\/sunrype.wpbeta.vortexdev.com\/?post_type=product&#038;p=474"},"modified":"2024-09-27T13:37:40","modified_gmt":"2024-09-27T17:37:40","slug":"fruit-to-go","status":"publish","type":"product","link":"https:\/\/sunrype.wpbeta.vortexdev.com\/fr\/nos-produits\/fruit-to-go\/","title":{"rendered":"SunRype Fruit to Go"},"content":{"rendered":"<section class=\"products-carousel-block theme-block alignfull\">\n  <div class=\"products-carousel-block__columns\">\n    <div class=\"products-carousel-block__columns__col products-carousel-block__columns__col--aside\">\n      <h2 class=\"products-carousel-block__title\">Fruit to Go<\/h2>\n              <div class=\"products-carousel-block__text\"><p>La collation id\u00e9ale, partout et \u00e0 tout moment. Avec autant de saveurs au choix, c&rsquo;est du bonheur sur le pouce pour tous.<\/p>\n<\/div>\n            <a href='https:\/\/sunrype.wpbeta.vortexdev.com\/fr\/nos-produits\/?_product_types=collations&amp;_product_brand=sunrype-fruit-to-go' class=\"btn cta-btn\">Trouvez votre saveur<\/a>    <\/div>\n    <div class=\"products-carousel-block__columns__col products-carousel-block__columns__col--main\">\n        <div class=\"products-carousel-wrapper\">\n    <div class=\"products-carousel swiper\">\n      <div class=\"swiper-wrapper\">\n                            <div class=\"swiper-slide products-carousel__item\">\n            <a class=\"products-carousel__item__link\"\n               href=\"https:\/\/sunrype.wpbeta.vortexdev.com\/fr\/nos-produits\/fruit-to-go\/pomme-baies-carotte\/printed-film-14g\/\"\n               data-product-name=\"POMME BAIES CAROTTE\"\n               data-product-category=\"SunRype Fruit to Go\"\n               data-product-size=\"14g\">\n              <div class=\"products-carousel__item__thumbnail-wrapper\">\n                <div class=\"products-carousel__item__thumbnail\">\n                  <img decoding=\"async\" src=\"https:\/\/sunrype.wpbeta.vortexdev.com\/wp-content\/uploads\/pl\/products\/FR_061522020440_6861.png\" alt=\"SunRype Fruit to Go POMME BAIES CAROTTE Printed Film 14g\" title=\"\">\n                <\/div>\n              <\/div>\n              <div class=\"products-carousel__item__title-wrapper\">\n                <p class=\"products-carousel__item__title\">POMME BAIES CAROTTE<\/p>\n                <div class=\"icon-arrow-wrapper\">\n  <svg class=\"arrow-icon\" xmlns=\"http:\/\/www.w3.org\/2000\/svg\", width=\"28\", height=\"24\", viewBox=\"0 0 28 24\">\n    <g fill=\"none\" stroke=\"#2175FF\" stroke-width=\"2\", stroke-linejoin=\"round\", stroke-miterlimit=\"10\">\n      <circle class=\"arrow-icon--circle\" cx=\"12\", cy=\"12\", r=\"11.12\"><\/circle>\n      <polygon class=\"arrow-icon--arrow\" points=\"0 -5.06261699e-14 4.714 4.532 0 9.062 3.285 9.062 8 4.532 3.285 -5.06261699e-14\"><\/polygon>\n    <\/g>\n  <\/svg>\n<\/div>\n              <\/div>\n            <\/a>\n          <\/div>\n                            <div class=\"swiper-slide products-carousel__item\">\n            <a class=\"products-carousel__item__link\"\n               href=\"https:\/\/sunrype.wpbeta.vortexdev.com\/fr\/nos-produits\/fruit-to-go\/pomme-baies-sauvages\/printed-film-14g\/\"\n               data-product-name=\"POMME BAIES SAUVAGES\"\n               data-product-category=\"SunRype Fruit to Go\"\n               data-product-size=\"14g\">\n              <div class=\"products-carousel__item__thumbnail-wrapper\">\n                <div class=\"products-carousel__item__thumbnail\">\n                  <img decoding=\"async\" src=\"https:\/\/sunrype.wpbeta.vortexdev.com\/wp-content\/uploads\/pl\/products\/FR_061522990019_6851.png\" alt=\"SunRype Fruit to Go POMME BAIES SAUVAGES Printed Film 14g\" title=\"\">\n                <\/div>\n              <\/div>\n              <div class=\"products-carousel__item__title-wrapper\">\n                <p class=\"products-carousel__item__title\">POMME BAIES SAUVAGES<\/p>\n                <div class=\"icon-arrow-wrapper\">\n  <svg class=\"arrow-icon\" xmlns=\"http:\/\/www.w3.org\/2000\/svg\", width=\"28\", height=\"24\", viewBox=\"0 0 28 24\">\n    <g fill=\"none\" stroke=\"#2175FF\" stroke-width=\"2\", stroke-linejoin=\"round\", stroke-miterlimit=\"10\">\n      <circle class=\"arrow-icon--circle\" cx=\"12\", cy=\"12\", r=\"11.12\"><\/circle>\n      <polygon class=\"arrow-icon--arrow\" points=\"0 -5.06261699e-14 4.714 4.532 0 9.062 3.285 9.062 8 4.532 3.285 -5.06261699e-14\"><\/polygon>\n    <\/g>\n  <\/svg>\n<\/div>\n              <\/div>\n            <\/a>\n          <\/div>\n                            <div class=\"swiper-slide products-carousel__item\">\n            <a class=\"products-carousel__item__link\"\n               href=\"https:\/\/sunrype.wpbeta.vortexdev.com\/fr\/nos-produits\/fruit-to-go\/pomme-fraise\/printed-film-14g\/\"\n               data-product-name=\"POMME FRAISE\"\n               data-product-category=\"SunRype Fruit to Go\"\n               data-product-size=\"14g\">\n              <div class=\"products-carousel__item__thumbnail-wrapper\">\n                <div class=\"products-carousel__item__thumbnail\">\n                  <img decoding=\"async\" src=\"https:\/\/sunrype.wpbeta.vortexdev.com\/wp-content\/uploads\/pl\/products\/FR_061522980010_6767.png\" alt=\"SunRype Fruit to Go POMME FRAISE Printed Film 14g\" title=\"\">\n                <\/div>\n              <\/div>\n              <div class=\"products-carousel__item__title-wrapper\">\n                <p class=\"products-carousel__item__title\">POMME FRAISE<\/p>\n                <div class=\"icon-arrow-wrapper\">\n  <svg class=\"arrow-icon\" xmlns=\"http:\/\/www.w3.org\/2000\/svg\", width=\"28\", height=\"24\", viewBox=\"0 0 28 24\">\n    <g fill=\"none\" stroke=\"#2175FF\" stroke-width=\"2\", stroke-linejoin=\"round\", stroke-miterlimit=\"10\">\n      <circle class=\"arrow-icon--circle\" cx=\"12\", cy=\"12\", r=\"11.12\"><\/circle>\n      <polygon class=\"arrow-icon--arrow\" points=\"0 -5.06261699e-14 4.714 4.532 0 9.062 3.285 9.062 8 4.532 3.285 -5.06261699e-14\"><\/polygon>\n    <\/g>\n  <\/svg>\n<\/div>\n              <\/div>\n            <\/a>\n          <\/div>\n                            <div class=\"swiper-slide products-carousel__item\">\n            <a class=\"products-carousel__item__link\"\n               href=\"https:\/\/sunrype.wpbeta.vortexdev.com\/fr\/nos-produits\/fruit-to-go\/pomme-fraise-banane-carotte\/printed-film-14g\/\"\n               data-product-name=\"POMME FRAISE BANANE CAROTTE\"\n               data-product-category=\"SunRype Fruit to Go\"\n               data-product-size=\"14g\">\n              <div class=\"products-carousel__item__thumbnail-wrapper\">\n                <div class=\"products-carousel__item__thumbnail\">\n                  <img decoding=\"async\" src=\"https:\/\/sunrype.wpbeta.vortexdev.com\/wp-content\/uploads\/pl\/products\/FR_061522023977_6862.png\" alt=\"SunRype Fruit to Go POMME FRAISE BANANE CAROTTE Printed Film 14g\" title=\"\">\n                <\/div>\n              <\/div>\n              <div class=\"products-carousel__item__title-wrapper\">\n                <p class=\"products-carousel__item__title\">POMME FRAISE BANANE CAROTTE<\/p>\n                <div class=\"icon-arrow-wrapper\">\n  <svg class=\"arrow-icon\" xmlns=\"http:\/\/www.w3.org\/2000\/svg\", width=\"28\", height=\"24\", viewBox=\"0 0 28 24\">\n    <g fill=\"none\" stroke=\"#2175FF\" stroke-width=\"2\", stroke-linejoin=\"round\", stroke-miterlimit=\"10\">\n      <circle class=\"arrow-icon--circle\" cx=\"12\", cy=\"12\", r=\"11.12\"><\/circle>\n      <polygon class=\"arrow-icon--arrow\" points=\"0 -5.06261699e-14 4.714 4.532 0 9.062 3.285 9.062 8 4.532 3.285 -5.06261699e-14\"><\/polygon>\n    <\/g>\n  <\/svg>\n<\/div>\n              <\/div>\n            <\/a>\n          <\/div>\n                            <div class=\"swiper-slide products-carousel__item\">\n            <a class=\"products-carousel__item__link\"\n               href=\"https:\/\/sunrype.wpbeta.vortexdev.com\/fr\/nos-produits\/fruit-to-go\/pomme-fraise-melon-deau\/printed-film-14g\/\"\n               data-product-name=\"POMME FRAISE MELON D&#039;EAU\"\n               data-product-category=\"SunRype Fruit to Go\"\n               data-product-size=\"14g\">\n              <div class=\"products-carousel__item__thumbnail-wrapper\">\n                <div class=\"products-carousel__item__thumbnail\">\n                  <img decoding=\"async\" src=\"https:\/\/sunrype.wpbeta.vortexdev.com\/wp-content\/uploads\/pl\/products\/FR_061522020433_6853.png\" alt=\"SunRype Fruit to Go POMME FRAISE MELON D&#039;EAU Printed Film 14g\" title=\"\">\n                <\/div>\n              <\/div>\n              <div class=\"products-carousel__item__title-wrapper\">\n                <p class=\"products-carousel__item__title\">POMME FRAISE MELON D&#039;EAU<\/p>\n                <div class=\"icon-arrow-wrapper\">\n  <svg class=\"arrow-icon\" xmlns=\"http:\/\/www.w3.org\/2000\/svg\", width=\"28\", height=\"24\", viewBox=\"0 0 28 24\">\n    <g fill=\"none\" stroke=\"#2175FF\" stroke-width=\"2\", stroke-linejoin=\"round\", stroke-miterlimit=\"10\">\n      <circle class=\"arrow-icon--circle\" cx=\"12\", cy=\"12\", r=\"11.12\"><\/circle>\n      <polygon class=\"arrow-icon--arrow\" points=\"0 -5.06261699e-14 4.714 4.532 0 9.062 3.285 9.062 8 4.532 3.285 -5.06261699e-14\"><\/polygon>\n    <\/g>\n  <\/svg>\n<\/div>\n              <\/div>\n            <\/a>\n          <\/div>\n                            <div class=\"swiper-slide products-carousel__item\">\n            <a class=\"products-carousel__item__link\"\n               href=\"https:\/\/sunrype.wpbeta.vortexdev.com\/fr\/nos-produits\/fruit-to-go\/pomme-framboise\/printed-film-14gg\/\"\n               data-product-name=\"POMME FRAMBOISE\"\n               data-product-category=\"SunRype Fruit to Go\"\n               data-product-size=\"14g\">\n              <div class=\"products-carousel__item__thumbnail-wrapper\">\n                <div class=\"products-carousel__item__thumbnail\">\n                  <img decoding=\"async\" src=\"https:\/\/sunrype.wpbeta.vortexdev.com\/wp-content\/uploads\/pl\/products\/FR_061522930015_6852.png\" alt=\"SunRype Fruit to Go POMME FRAMBOISE Printed Film 14g\" title=\"\">\n                <\/div>\n              <\/div>\n              <div class=\"products-carousel__item__title-wrapper\">\n                <p class=\"products-carousel__item__title\">POMME FRAMBOISE<\/p>\n                <div class=\"icon-arrow-wrapper\">\n  <svg class=\"arrow-icon\" xmlns=\"http:\/\/www.w3.org\/2000\/svg\", width=\"28\", height=\"24\", viewBox=\"0 0 28 24\">\n    <g fill=\"none\" stroke=\"#2175FF\" stroke-width=\"2\", stroke-linejoin=\"round\", stroke-miterlimit=\"10\">\n      <circle class=\"arrow-icon--circle\" cx=\"12\", cy=\"12\", r=\"11.12\"><\/circle>\n      <polygon class=\"arrow-icon--arrow\" points=\"0 -5.06261699e-14 4.714 4.532 0 9.062 3.285 9.062 8 4.532 3.285 -5.06261699e-14\"><\/polygon>\n    <\/g>\n  <\/svg>\n<\/div>\n              <\/div>\n            <\/a>\n          <\/div>\n                            <div class=\"swiper-slide products-carousel__item\">\n            <a class=\"products-carousel__item__link\"\n               href=\"https:\/\/sunrype.wpbeta.vortexdev.com\/fr\/nos-produits\/fruit-to-go\/pomme-mangue\/printed-film-14g\/\"\n               data-product-name=\"POMME MANGUE\"\n               data-product-category=\"SunRype Fruit to Go\"\n               data-product-size=\"14g\">\n              <div class=\"products-carousel__item__thumbnail-wrapper\">\n                <div class=\"products-carousel__item__thumbnail\">\n                  <img decoding=\"async\" src=\"https:\/\/sunrype.wpbeta.vortexdev.com\/wp-content\/uploads\/pl\/products\/FR_061522033839_6854.png\" alt=\"SunRype Fruit to Go POMME MANGUE Printed Film 14g\" title=\"\">\n                <\/div>\n              <\/div>\n              <div class=\"products-carousel__item__title-wrapper\">\n                <p class=\"products-carousel__item__title\">POMME MANGUE<\/p>\n                <div class=\"icon-arrow-wrapper\">\n  <svg class=\"arrow-icon\" xmlns=\"http:\/\/www.w3.org\/2000\/svg\", width=\"28\", height=\"24\", viewBox=\"0 0 28 24\">\n    <g fill=\"none\" stroke=\"#2175FF\" stroke-width=\"2\", stroke-linejoin=\"round\", stroke-miterlimit=\"10\">\n      <circle class=\"arrow-icon--circle\" cx=\"12\", cy=\"12\", r=\"11.12\"><\/circle>\n      <polygon class=\"arrow-icon--arrow\" points=\"0 -5.06261699e-14 4.714 4.532 0 9.062 3.285 9.062 8 4.532 3.285 -5.06261699e-14\"><\/polygon>\n    <\/g>\n  <\/svg>\n<\/div>\n              <\/div>\n            <\/a>\n          <\/div>\n              <\/div>\n    <\/div>\n    <div class=\"products-carousel__navigation\">\n      <div class=\"swiper-pagination\"><\/div>\n      <div class=\"swiper-button-prev\"><\/div>\n      <div class=\"swiper-button-next\"><\/div>\n    <\/div>\n  <\/div>\n      <\/div>\n  <\/div>\n<\/section>\n\n\n  <section class=\"columns-carousel-block theme-block alignfull style--color_background\">\n    <div class=\"columns-carousel-block__inner container\">\n              <h2 class=\"columns-carousel-block__title has-text-align-center\">Go\u00fbtez le bonheur d&#039;une collation nutritive<\/h2>\n                  <div class=\"columns-carousel swiper\">\n        <div class=\"swiper-wrapper\">\n                      <div class=\"columns-carousel__item-wrapper swiper-slide\">\n              <div class=\"columns-carousel__item\">                                  <div class=\"columns-carousel__item__thumbnail-wrapper\">\n                    <div class=\"columns-carousel__item__thumbnail\" style=\"background-image: url(https:\/\/sunrype.wpbeta.vortexdev.com\/wp-content\/uploads\/2022\/06\/AG0A6452.jpg);\"><\/div>\n                  <\/div>\n                                <h3 class=\"columns-carousel__item__title heading-size-4\">Sans gluten, sans noix, v\u00e9g\u00e9talien <\/h3>\n                                  <div class=\"columns-carousel__item__text\"><p style=\"text-align: center\">Sans aucun des allerg\u00e8nes les plus courants, Fruit to Go est la collation id\u00e9ale pour l&rsquo;\u00e9cole et les fringales au travail.<\/p>\n<\/div>\n                              <\/div>            <\/div>\n                      <div class=\"columns-carousel__item-wrapper swiper-slide\">\n              <div class=\"columns-carousel__item\">                                  <div class=\"columns-carousel__item__thumbnail-wrapper\">\n                    <div class=\"columns-carousel__item__thumbnail\" style=\"background-image: url(https:\/\/sunrype.wpbeta.vortexdev.com\/wp-content\/uploads\/2022\/07\/FTG_Image-2.jpg);\"><\/div>\n                  <\/div>\n                                <h3 class=\"columns-carousel__item__title heading-size-4\">100% fruits<\/h3>\n                                  <div class=\"columns-carousel__item__text\"><p class=\"styles__Root-sc-1myek4t-0 kjYVax sc-gSQGeZ kaBEne styles__Root-sc-15iyh5a-0 hLHizP\" style=\"text-align: center\">Faites de vrais fruits \u00e0 100 % avec des saveurs qui feront naturellement votre bonheur. Sans colorants ni ar\u00f4mes artificiels, garanti.<\/p>\n<\/div>\n                              <\/div>            <\/div>\n                      <div class=\"columns-carousel__item-wrapper swiper-slide\">\n              <div class=\"columns-carousel__item\">                                  <div class=\"columns-carousel__item__thumbnail-wrapper\">\n                    <div class=\"columns-carousel__item__thumbnail\" style=\"background-image: url(https:\/\/sunrype.wpbeta.vortexdev.com\/wp-content\/uploads\/2022\/07\/FTG_Image-3.jpg);\"><\/div>\n                  <\/div>\n                                <h3 class=\"columns-carousel__item__title heading-size-4\">Une aventure haute en saveurs<\/h3>\n                                  <div class=\"columns-carousel__item__text\"><p class=\"styles__Root-sc-1myek4t-0 kjYVax sc-gSQGeZ kaBEne styles__Root-sc-15iyh5a-0 hLHizP\" style=\"text-align: center\">Choisissez parmi des saveurs classiques comme fraise et framboise, ou d\u00e9couvrez nos m\u00e9langes savoureux et nutritifs tels baies et carotte pour glisser quelques l\u00e9gumes au menu de temps en temps<\/p>\n<\/div>\n                              <\/div>            <\/div>\n                  <\/div>\n      <\/div>\n    <\/div>\n    <div class=\"columns-carousel__navigation\">\n      <div class=\"swiper-button-prev\"><\/div>\n      <div class=\"swiper-button-next\"><\/div>\n      <div class=\"swiper-pagination\"><\/div>\n    <\/div>\n  <\/section>\n  \n\n\n<div class=\"wp-block-media-text alignwide is-stacked-on-mobile has-background\" style=\"background-color:#fbe5ec\"><figure class=\"wp-block-media-text__media\"><img decoding=\"async\" width=\"800\" height=\"864\" src=\"https:\/\/sunrype.wpbeta.vortexdev.com\/wp-content\/uploads\/2022\/07\/FTG_Image-4.jpg\" alt=\"\" class=\"wp-image-1019 size-full\" title=\"\" srcset=\"https:\/\/sunrype.wpbeta.vortexdev.com\/wp-content\/uploads\/2022\/07\/FTG_Image-4.jpg 800w, https:\/\/sunrype.wpbeta.vortexdev.com\/wp-content\/uploads\/2022\/07\/FTG_Image-4-278x300.jpg 278w, https:\/\/sunrype.wpbeta.vortexdev.com\/wp-content\/uploads\/2022\/07\/FTG_Image-4-768x829.jpg 768w\" sizes=\"(max-width: 800px) 100vw, 800px\" \/><\/figure><div class=\"wp-block-media-text__content\">\n<h2 class=\"wp-block-heading\"><strong><strong>Apportez vos fruits pr\u00e9f\u00e9r\u00e9s avec vous et partout<\/strong><\/strong><\/h2>\n\n\n\n<p>Du lunch des enfants \u00e0 la pratique de soccer, en passant par le petit d\u00e9j&rsquo; dans la voiture et le pique-nique au parc, Fruit to Go vous aide \u00e0 profiter des saveurs que vous adorez partout o\u00f9 vous allez.<\/p>\n\n\n\n<ul class=\"wp-block-list\">\n<li>100% fruits<\/li>\n\n\n\n<li>Sans gluten, sans noix, v\u00e9g\u00e9talien<\/li>\n\n\n\n<li>Sans colorants ni ar\u00f4mes artificiels<\/li>\n\n\n\n<li>Sans agents de conservation<\/li>\n\n\n\n<li>Sans sirop de ma\u00efs \u00e0 haute teneur en fructose<\/li>\n\n\n\n<li>Casher<\/li>\n<\/ul>\n\n\n\n<div class=\"wp-block-buttons is-layout-flex wp-block-buttons-is-layout-flex\">\n<div class=\"wp-block-button\"><a class=\"wp-block-button__link wp-element-button\" href=\"https:\/\/sunrype.wpbeta.vortexdev.com\/fr\/nos-produits\/?_product_brand=sunrype-fruit-to-go\">Trouvez votre saveur<\/a><\/div>\n<\/div>\n<\/div><\/div>\n\n\n<section class=\"coupons-block theme-block aligndefault coupons-block--ctheme-07 style-gradient title-size-normal\">\n  <div class=\"coupons-content\">\n          <h2 class=\"coupons-title\">Trouvez votre accord collation parfait<\/h2>\n              <p class=\"coupons-subtitle\">Explorez nos produits 60% moins de sucre! <\/p>\n              <a class=\"btn--white cta-btn\" href=\"https:\/\/sunrype.wpbeta.vortexdev.com\/fr\/nos-produits\/60-moins-de-sucre\/\" target=\"\">D\u00e9couvrez-les ici<\/a>\n      <\/div>\n      <div class=\"coupons-img\">\n      <img decoding=\"async\" src=\"https:\/\/sunrype.wpbeta.vortexdev.com\/wp-content\/uploads\/2022\/06\/CTAbanner-fruittogo_lesssugar_FR.png\" alt=\"\" title=\"\">\n    <\/div>\n  <\/section>\n","protected":false},"excerpt":{"rendered":"","protected":false},"author":9,"featured_media":2796,"parent":0,"comment_status":"closed","ping_status":"closed","template":"","class_list":["post-474","product","type-product","status-publish","has-post-thumbnail","hentry"],"acf":[],"_links":{"self":[{"href":"https:\/\/sunrype.wpbeta.vortexdev.com\/fr\/wp-json\/wp\/v2\/product\/474"}],"collection":[{"href":"https:\/\/sunrype.wpbeta.vortexdev.com\/fr\/wp-json\/wp\/v2\/product"}],"about":[{"href":"https:\/\/sunrype.wpbeta.vortexdev.com\/fr\/wp-json\/wp\/v2\/types\/product"}],"author":[{"embeddable":true,"href":"https:\/\/sunrype.wpbeta.vortexdev.com\/fr\/wp-json\/wp\/v2\/users\/9"}],"replies":[{"embeddable":true,"href":"https:\/\/sunrype.wpbeta.vortexdev.com\/fr\/wp-json\/wp\/v2\/comments?post=474"}],"version-history":[{"count":0,"href":"https:\/\/sunrype.wpbeta.vortexdev.com\/fr\/wp-json\/wp\/v2\/product\/474\/revisions"}],"wp:featuredmedia":[{"embeddable":true,"href":"https:\/\/sunrype.wpbeta.vortexdev.com\/fr\/wp-json\/wp\/v2\/media\/2796"}],"wp:attachment":[{"href":"https:\/\/sunrype.wpbeta.vortexdev.com\/fr\/wp-json\/wp\/v2\/media?parent=474"}],"curies":[{"name":"wp","href":"https:\/\/api.w.org\/{rel}","templated":true}]}}