{"id":487,"date":"2022-06-29T21:49:23","date_gmt":"2022-06-30T01:49:23","guid":{"rendered":"https:\/\/sunrype.wpbeta.vortexdev.com\/?post_type=product&#038;p=487"},"modified":"2024-09-27T13:37:56","modified_gmt":"2024-09-27T17:37:56","slug":"fruitsource","status":"publish","type":"product","link":"https:\/\/sunrype.wpbeta.vortexdev.com\/fr\/nos-produits\/fruitsource\/","title":{"rendered":"SunRype Fruitsource"},"content":{"rendered":"<section class=\"products-carousel-block theme-block alignfull\">\n  <div class=\"products-carousel-block__columns\">\n    <div class=\"products-carousel-block__columns__col products-carousel-block__columns__col--aside\">\n      <h2 class=\"products-carousel-block__title\">Fruitsource<\/h2>\n              <div class=\"products-carousel-block__text\"><p>Les collations aux fruits, c&rsquo;est aussi pour les adultes. D\u00e9couvrez la fa\u00e7on simple d&rsquo;\u00e9nergiser votre journ\u00e9e.<\/p>\n<\/div>\n            <a href='https:\/\/sunrype.wpbeta.vortexdev.com\/fr\/nos-produits\/?_product_brand=sunrype-fruitsource' class=\"btn cta-btn\">Trouvez votre saveur<\/a>    <\/div>\n    <div class=\"products-carousel-block__columns__col products-carousel-block__columns__col--main\">\n        <div class=\"products-carousel-wrapper\">\n    <div class=\"products-carousel swiper\">\n      <div class=\"swiper-wrapper\">\n                            <div class=\"swiper-slide products-carousel__item\">\n            <a class=\"products-carousel__item__link\"\n               href=\"https:\/\/sunrype.wpbeta.vortexdev.com\/fr\/nos-produits\/fruitsource\/pomme-baies-sauvages-carotte\/printed-film-37gg\/\"\n               data-product-name=\"POMME BAIES SAUVAGES CAROTTE\"\n               data-product-category=\"SunRype Fruitsource\"\n               data-product-size=\"37g\">\n              <div class=\"products-carousel__item__thumbnail-wrapper\">\n                <div class=\"products-carousel__item__thumbnail\">\n                  <img decoding=\"async\" src=\"https:\/\/sunrype.wpbeta.vortexdev.com\/wp-content\/uploads\/pl\/products\/FR_057961017288_6864.png\" alt=\"SunRype Fruitsource POMME BAIES SAUVAGES CAROTTE Printed Film 37g\" title=\"\">\n                <\/div>\n              <\/div>\n              <div class=\"products-carousel__item__title-wrapper\">\n                <p class=\"products-carousel__item__title\">POMME BAIES SAUVAGES CAROTTE<\/p>\n                <div class=\"icon-arrow-wrapper\">\n  <svg class=\"arrow-icon\" xmlns=\"http:\/\/www.w3.org\/2000\/svg\", width=\"28\", height=\"24\", viewBox=\"0 0 28 24\">\n    <g fill=\"none\" stroke=\"#2175FF\" stroke-width=\"2\", stroke-linejoin=\"round\", stroke-miterlimit=\"10\">\n      <circle class=\"arrow-icon--circle\" cx=\"12\", cy=\"12\", r=\"11.12\"><\/circle>\n      <polygon class=\"arrow-icon--arrow\" points=\"0 -5.06261699e-14 4.714 4.532 0 9.062 3.285 9.062 8 4.532 3.285 -5.06261699e-14\"><\/polygon>\n    <\/g>\n  <\/svg>\n<\/div>\n              <\/div>\n            <\/a>\n          <\/div>\n                            <div class=\"swiper-slide products-carousel__item\">\n            <a class=\"products-carousel__item__link\"\n               href=\"https:\/\/sunrype.wpbeta.vortexdev.com\/fr\/nos-produits\/fruitsource\/pomme-bleuet-grenade\/printed-film-37gg\/\"\n               data-product-name=\"POMME BLEUET GRENADE\"\n               data-product-category=\"SunRype Fruitsource\"\n               data-product-size=\"37g\">\n              <div class=\"products-carousel__item__thumbnail-wrapper\">\n                <div class=\"products-carousel__item__thumbnail\">\n                  <img decoding=\"async\" src=\"https:\/\/sunrype.wpbeta.vortexdev.com\/wp-content\/uploads\/pl\/products\/FR_057961019527_6856.png\" alt=\"SunRype Fruitsource POMME BLEUET GRENADE Printed Film 37g\" title=\"\">\n                <\/div>\n              <\/div>\n              <div class=\"products-carousel__item__title-wrapper\">\n                <p class=\"products-carousel__item__title\">POMME BLEUET GRENADE<\/p>\n                <div class=\"icon-arrow-wrapper\">\n  <svg class=\"arrow-icon\" xmlns=\"http:\/\/www.w3.org\/2000\/svg\", width=\"28\", height=\"24\", viewBox=\"0 0 28 24\">\n    <g fill=\"none\" stroke=\"#2175FF\" stroke-width=\"2\", stroke-linejoin=\"round\", stroke-miterlimit=\"10\">\n      <circle class=\"arrow-icon--circle\" cx=\"12\", cy=\"12\", r=\"11.12\"><\/circle>\n      <polygon class=\"arrow-icon--arrow\" points=\"0 -5.06261699e-14 4.714 4.532 0 9.062 3.285 9.062 8 4.532 3.285 -5.06261699e-14\"><\/polygon>\n    <\/g>\n  <\/svg>\n<\/div>\n              <\/div>\n            <\/a>\n          <\/div>\n                            <div class=\"swiper-slide products-carousel__item\">\n            <a class=\"products-carousel__item__link\"\n               href=\"https:\/\/sunrype.wpbeta.vortexdev.com\/fr\/nos-produits\/fruitsource\/pomme-cerise-baies\/printed-film-37gg\/\"\n               data-product-name=\"POMME CERISE BAIES\"\n               data-product-category=\"SunRype Fruitsource\"\n               data-product-size=\"37g\">\n              <div class=\"products-carousel__item__thumbnail-wrapper\">\n                <div class=\"products-carousel__item__thumbnail\">\n                  <img decoding=\"async\" src=\"https:\/\/sunrype.wpbeta.vortexdev.com\/wp-content\/uploads\/pl\/products\/FR_057961017233_6855.png\" alt=\"SunRype Fruitsource POMME CERISE BAIES Printed Film 37g\" title=\"\">\n                <\/div>\n              <\/div>\n              <div class=\"products-carousel__item__title-wrapper\">\n                <p class=\"products-carousel__item__title\">POMME CERISE BAIES<\/p>\n                <div class=\"icon-arrow-wrapper\">\n  <svg class=\"arrow-icon\" xmlns=\"http:\/\/www.w3.org\/2000\/svg\", width=\"28\", height=\"24\", viewBox=\"0 0 28 24\">\n    <g fill=\"none\" stroke=\"#2175FF\" stroke-width=\"2\", stroke-linejoin=\"round\", stroke-miterlimit=\"10\">\n      <circle class=\"arrow-icon--circle\" cx=\"12\", cy=\"12\", r=\"11.12\"><\/circle>\n      <polygon class=\"arrow-icon--arrow\" points=\"0 -5.06261699e-14 4.714 4.532 0 9.062 3.285 9.062 8 4.532 3.285 -5.06261699e-14\"><\/polygon>\n    <\/g>\n  <\/svg>\n<\/div>\n              <\/div>\n            <\/a>\n          <\/div>\n                            <div class=\"swiper-slide products-carousel__item\">\n            <a class=\"products-carousel__item__link\"\n               href=\"https:\/\/sunrype.wpbeta.vortexdev.com\/fr\/nos-produits\/fruitsource\/pomme-fraise\/printed-film-170g\/\"\n               data-product-name=\"POMME FRAISE\"\n               data-product-category=\"SunRype Fruitsource\"\n               data-product-size=\"170g\">\n              <div class=\"products-carousel__item__thumbnail-wrapper\">\n                <div class=\"products-carousel__item__thumbnail\">\n                  <img decoding=\"async\" src=\"https:\/\/sunrype.wpbeta.vortexdev.com\/wp-content\/uploads\/pl\/products\/FR_057961026525_6790.png\" alt=\"SunRype Fruitsource POMME FRAISE Printed Film 170g\" title=\"\">\n                <\/div>\n              <\/div>\n              <div class=\"products-carousel__item__title-wrapper\">\n                <p class=\"products-carousel__item__title\">POMME FRAISE<\/p>\n                <div class=\"icon-arrow-wrapper\">\n  <svg class=\"arrow-icon\" xmlns=\"http:\/\/www.w3.org\/2000\/svg\", width=\"28\", height=\"24\", viewBox=\"0 0 28 24\">\n    <g fill=\"none\" stroke=\"#2175FF\" stroke-width=\"2\", stroke-linejoin=\"round\", stroke-miterlimit=\"10\">\n      <circle class=\"arrow-icon--circle\" cx=\"12\", cy=\"12\", r=\"11.12\"><\/circle>\n      <polygon class=\"arrow-icon--arrow\" points=\"0 -5.06261699e-14 4.714 4.532 0 9.062 3.285 9.062 8 4.532 3.285 -5.06261699e-14\"><\/polygon>\n    <\/g>\n  <\/svg>\n<\/div>\n              <\/div>\n            <\/a>\n          <\/div>\n                            <div class=\"swiper-slide products-carousel__item\">\n            <a class=\"products-carousel__item__link\"\n               href=\"https:\/\/sunrype.wpbeta.vortexdev.com\/fr\/nos-produits\/fruitsource\/pomme-fraise\/printed-film-37gg\/\"\n               data-product-name=\"POMME FRAISE\"\n               data-product-category=\"SunRype Fruitsource\"\n               data-product-size=\"37g\">\n              <div class=\"products-carousel__item__thumbnail-wrapper\">\n                <div class=\"products-carousel__item__thumbnail\">\n                  <img decoding=\"async\" src=\"https:\/\/sunrype.wpbeta.vortexdev.com\/wp-content\/uploads\/pl\/products\/FR_057961017226_6784.png\" alt=\"SunRype Fruitsource POMME FRAISE Printed Film 37g\" title=\"\">\n                <\/div>\n              <\/div>\n              <div class=\"products-carousel__item__title-wrapper\">\n                <p class=\"products-carousel__item__title\">POMME FRAISE<\/p>\n                <div class=\"icon-arrow-wrapper\">\n  <svg class=\"arrow-icon\" xmlns=\"http:\/\/www.w3.org\/2000\/svg\", width=\"28\", height=\"24\", viewBox=\"0 0 28 24\">\n    <g fill=\"none\" stroke=\"#2175FF\" stroke-width=\"2\", stroke-linejoin=\"round\", stroke-miterlimit=\"10\">\n      <circle class=\"arrow-icon--circle\" cx=\"12\", cy=\"12\", r=\"11.12\"><\/circle>\n      <polygon class=\"arrow-icon--arrow\" points=\"0 -5.06261699e-14 4.714 4.532 0 9.062 3.285 9.062 8 4.532 3.285 -5.06261699e-14\"><\/polygon>\n    <\/g>\n  <\/svg>\n<\/div>\n              <\/div>\n            <\/a>\n          <\/div>\n                            <div class=\"swiper-slide products-carousel__item\">\n            <a class=\"products-carousel__item__link\"\n               href=\"https:\/\/sunrype.wpbeta.vortexdev.com\/fr\/nos-produits\/fruitsource\/pomme-mangue\/printed-film-37gg\/\"\n               data-product-name=\"POMME MANGUE\"\n               data-product-category=\"SunRype Fruitsource\"\n               data-product-size=\"37g\">\n              <div class=\"products-carousel__item__thumbnail-wrapper\">\n                <div class=\"products-carousel__item__thumbnail\">\n                  <img decoding=\"async\" src=\"https:\/\/sunrype.wpbeta.vortexdev.com\/wp-content\/uploads\/pl\/products\/FR_057961032281_6858.png\" alt=\"SunRype Fruitsource POMME MANGUE Printed Film 37g\" title=\"\">\n                <\/div>\n              <\/div>\n              <div class=\"products-carousel__item__title-wrapper\">\n                <p class=\"products-carousel__item__title\">POMME MANGUE<\/p>\n                <div class=\"icon-arrow-wrapper\">\n  <svg class=\"arrow-icon\" xmlns=\"http:\/\/www.w3.org\/2000\/svg\", width=\"28\", height=\"24\", viewBox=\"0 0 28 24\">\n    <g fill=\"none\" stroke=\"#2175FF\" stroke-width=\"2\", stroke-linejoin=\"round\", stroke-miterlimit=\"10\">\n      <circle class=\"arrow-icon--circle\" cx=\"12\", cy=\"12\", r=\"11.12\"><\/circle>\n      <polygon class=\"arrow-icon--arrow\" points=\"0 -5.06261699e-14 4.714 4.532 0 9.062 3.285 9.062 8 4.532 3.285 -5.06261699e-14\"><\/polygon>\n    <\/g>\n  <\/svg>\n<\/div>\n              <\/div>\n            <\/a>\n          <\/div>\n                            <div class=\"swiper-slide products-carousel__item\">\n            <a class=\"products-carousel__item__link\"\n               href=\"https:\/\/sunrype.wpbeta.vortexdev.com\/fr\/nos-produits\/fruitsource\/pomme-mangue-mangoustan\/printed-film-170g\/\"\n               data-product-name=\"POMME MANGUE MANGOUSTAN\"\n               data-product-category=\"SunRype Fruitsource\"\n               data-product-size=\"170g\">\n              <div class=\"products-carousel__item__thumbnail-wrapper\">\n                <div class=\"products-carousel__item__thumbnail\">\n                  <img decoding=\"async\" src=\"https:\/\/sunrype.wpbeta.vortexdev.com\/wp-content\/uploads\/pl\/products\/FR_057961026532_6867.png\" alt=\"SunRype Fruitsource POMME MANGUE MANGOUSTAN Printed Film 170g\" title=\"\">\n                <\/div>\n              <\/div>\n              <div class=\"products-carousel__item__title-wrapper\">\n                <p class=\"products-carousel__item__title\">POMME MANGUE MANGOUSTAN<\/p>\n                <div class=\"icon-arrow-wrapper\">\n  <svg class=\"arrow-icon\" xmlns=\"http:\/\/www.w3.org\/2000\/svg\", width=\"28\", height=\"24\", viewBox=\"0 0 28 24\">\n    <g fill=\"none\" stroke=\"#2175FF\" stroke-width=\"2\", stroke-linejoin=\"round\", stroke-miterlimit=\"10\">\n      <circle class=\"arrow-icon--circle\" cx=\"12\", cy=\"12\", r=\"11.12\"><\/circle>\n      <polygon class=\"arrow-icon--arrow\" points=\"0 -5.06261699e-14 4.714 4.532 0 9.062 3.285 9.062 8 4.532 3.285 -5.06261699e-14\"><\/polygon>\n    <\/g>\n  <\/svg>\n<\/div>\n              <\/div>\n            <\/a>\n          <\/div>\n                            <div class=\"swiper-slide products-carousel__item\">\n            <a class=\"products-carousel__item__link\"\n               href=\"https:\/\/sunrype.wpbeta.vortexdev.com\/fr\/nos-produits\/fruitsource\/pomme-mangue-mangoustan\/printed-film-37gg\/\"\n               data-product-name=\"POMME MANGUE MANGOUSTAN\"\n               data-product-category=\"SunRype Fruitsource\"\n               data-product-size=\"37g\">\n              <div class=\"products-carousel__item__thumbnail-wrapper\">\n                <div class=\"products-carousel__item__thumbnail\">\n                  <img decoding=\"async\" src=\"https:\/\/sunrype.wpbeta.vortexdev.com\/wp-content\/uploads\/pl\/products\/FR_057961026488_6857.png\" alt=\"SunRype Fruitsource POMME MANGUE MANGOUSTAN Printed Film 37g\" title=\"\">\n                <\/div>\n              <\/div>\n              <div class=\"products-carousel__item__title-wrapper\">\n                <p class=\"products-carousel__item__title\">POMME MANGUE MANGOUSTAN<\/p>\n                <div class=\"icon-arrow-wrapper\">\n  <svg class=\"arrow-icon\" xmlns=\"http:\/\/www.w3.org\/2000\/svg\", width=\"28\", height=\"24\", viewBox=\"0 0 28 24\">\n    <g fill=\"none\" stroke=\"#2175FF\" stroke-width=\"2\", stroke-linejoin=\"round\", stroke-miterlimit=\"10\">\n      <circle class=\"arrow-icon--circle\" cx=\"12\", cy=\"12\", r=\"11.12\"><\/circle>\n      <polygon class=\"arrow-icon--arrow\" points=\"0 -5.06261699e-14 4.714 4.532 0 9.062 3.285 9.062 8 4.532 3.285 -5.06261699e-14\"><\/polygon>\n    <\/g>\n  <\/svg>\n<\/div>\n              <\/div>\n            <\/a>\n          <\/div>\n                            <div class=\"swiper-slide products-carousel__item\">\n            <a class=\"products-carousel__item__link\"\n               href=\"https:\/\/sunrype.wpbeta.vortexdev.com\/fr\/nos-produits\/fruitsource\/pomme-melange-de-baies\/printed-film-170gg\/\"\n               data-product-name=\"POMME M\u00c9LANGE DE BAIES\"\n               data-product-category=\"SunRype Fruitsource\"\n               data-product-size=\"170g\">\n              <div class=\"products-carousel__item__thumbnail-wrapper\">\n                <div class=\"products-carousel__item__thumbnail\">\n                  <img decoding=\"async\" src=\"https:\/\/sunrype.wpbeta.vortexdev.com\/wp-content\/uploads\/pl\/products\/FR_057961026518_6866.png\" alt=\"SunRype Fruitsource POMME M\u00c9LANGE DE BAIES Printed Film 170g\" title=\"\">\n                <\/div>\n              <\/div>\n              <div class=\"products-carousel__item__title-wrapper\">\n                <p class=\"products-carousel__item__title\">POMME M\u00c9LANGE DE BAIES<\/p>\n                <div class=\"icon-arrow-wrapper\">\n  <svg class=\"arrow-icon\" xmlns=\"http:\/\/www.w3.org\/2000\/svg\", width=\"28\", height=\"24\", viewBox=\"0 0 28 24\">\n    <g fill=\"none\" stroke=\"#2175FF\" stroke-width=\"2\", stroke-linejoin=\"round\", stroke-miterlimit=\"10\">\n      <circle class=\"arrow-icon--circle\" cx=\"12\", cy=\"12\", r=\"11.12\"><\/circle>\n      <polygon class=\"arrow-icon--arrow\" points=\"0 -5.06261699e-14 4.714 4.532 0 9.062 3.285 9.062 8 4.532 3.285 -5.06261699e-14\"><\/polygon>\n    <\/g>\n  <\/svg>\n<\/div>\n              <\/div>\n            <\/a>\n          <\/div>\n                            <div class=\"swiper-slide products-carousel__item\">\n            <a class=\"products-carousel__item__link\"\n               href=\"https:\/\/sunrype.wpbeta.vortexdev.com\/fr\/nos-produits\/fruitsource\/pomme-peche-poire-carotte\/printed-film-37gg\/\"\n               data-product-name=\"POMME P\u00caCHE POIRE CAROTTE\"\n               data-product-category=\"SunRype Fruitsource\"\n               data-product-size=\"37g\">\n              <div class=\"products-carousel__item__thumbnail-wrapper\">\n                <div class=\"products-carousel__item__thumbnail\">\n                  <img decoding=\"async\" src=\"https:\/\/sunrype.wpbeta.vortexdev.com\/wp-content\/uploads\/pl\/products\/FR_057961026501_6865.png\" alt=\"SunRype Fruitsource POMME P\u00caCHE POIRE CAROTTE Printed Film 37g\" title=\"\">\n                <\/div>\n              <\/div>\n              <div class=\"products-carousel__item__title-wrapper\">\n                <p class=\"products-carousel__item__title\">POMME P\u00caCHE POIRE CAROTTE<\/p>\n                <div class=\"icon-arrow-wrapper\">\n  <svg class=\"arrow-icon\" xmlns=\"http:\/\/www.w3.org\/2000\/svg\", width=\"28\", height=\"24\", viewBox=\"0 0 28 24\">\n    <g fill=\"none\" stroke=\"#2175FF\" stroke-width=\"2\", stroke-linejoin=\"round\", stroke-miterlimit=\"10\">\n      <circle class=\"arrow-icon--circle\" cx=\"12\", cy=\"12\", r=\"11.12\"><\/circle>\n      <polygon class=\"arrow-icon--arrow\" points=\"0 -5.06261699e-14 4.714 4.532 0 9.062 3.285 9.062 8 4.532 3.285 -5.06261699e-14\"><\/polygon>\n    <\/g>\n  <\/svg>\n<\/div>\n              <\/div>\n            <\/a>\n          <\/div>\n              <\/div>\n    <\/div>\n    <div class=\"products-carousel__navigation\">\n      <div class=\"swiper-pagination\"><\/div>\n      <div class=\"swiper-button-prev\"><\/div>\n      <div class=\"swiper-button-next\"><\/div>\n    <\/div>\n  <\/div>\n      <\/div>\n  <\/div>\n<\/section>\n\n\n  <section class=\"columns-carousel-block theme-block alignfull style--color_background\">\n    <div class=\"columns-carousel-block__inner container\">\n              <h2 class=\"columns-carousel-block__title has-text-align-center\">Le bon go\u00fbt vraiment spectaculaire des fruits<\/h2>\n                  <div class=\"columns-carousel swiper\">\n        <div class=\"swiper-wrapper\">\n                      <div class=\"columns-carousel__item-wrapper swiper-slide\">\n              <div class=\"columns-carousel__item\">                                  <div class=\"columns-carousel__item__thumbnail-wrapper\">\n                    <div class=\"columns-carousel__item__thumbnail\" style=\"background-image: url(https:\/\/sunrype.wpbeta.vortexdev.com\/wp-content\/uploads\/2022\/07\/FTS_Image-1.jpg);\"><\/div>\n                  <\/div>\n                                <h3 class=\"columns-carousel__item__title heading-size-4\">Vrais ingr\u00e9dients<\/h3>\n                                  <div class=\"columns-carousel__item__text\"><p style=\"text-align: center\">Pas de colorants ou d&rsquo;ar\u00f4mes artificiels, pas de conservateurs, pas de sirop de ma\u00efs \u00e0 haute teneur en fructose. Rien que des ingr\u00e9dients de qualit\u00e9.<\/p>\n<\/div>\n                              <\/div>            <\/div>\n                      <div class=\"columns-carousel__item-wrapper swiper-slide\">\n              <div class=\"columns-carousel__item\">                                  <div class=\"columns-carousel__item__thumbnail-wrapper\">\n                    <div class=\"columns-carousel__item__thumbnail\" style=\"background-image: url(https:\/\/sunrype.wpbeta.vortexdev.com\/wp-content\/uploads\/2022\/07\/FTS_Image-2.jpg);\"><\/div>\n                  <\/div>\n                                <h3 class=\"columns-carousel__item__title heading-size-4\">100% fruits<\/h3>\n                                  <div class=\"columns-carousel__item__text\"><p style=\"text-align: center\">Nous choisissons nos pommes fra\u00eeches et savoureuses dans les vergers ensoleill\u00e9s de l&rsquo;Okanagan, en Colombie-Britannique, et \u00e0 travers le nord-ouest du Pacifique, puis nous les combinons \u00e0 de d\u00e9licieux l\u00e9gumes, baies et fruits tropicaux provenant du monde entier.<\/p>\n<\/div>\n                              <\/div>            <\/div>\n                      <div class=\"columns-carousel__item-wrapper swiper-slide\">\n              <div class=\"columns-carousel__item\">                                  <div class=\"columns-carousel__item__thumbnail-wrapper\">\n                    <div class=\"columns-carousel__item__thumbnail\" style=\"background-image: url(https:\/\/sunrype.wpbeta.vortexdev.com\/wp-content\/uploads\/2022\/06\/AG0A7604.jpg);\"><\/div>\n                  <\/div>\n                                <h3 class=\"columns-carousel__item__title heading-size-4\">D\u00e9bordant de saveur<\/h3>\n                                  <div class=\"columns-carousel__item__text\"><p class=\"styles__Root-sc-1myek4t-0 kjYVax sc-gSQGeZ kaBEne styles__Root-sc-15iyh5a-0 hLHizP\" style=\"text-align: center\">Des saveurs classiques comme la fraise, des m\u00e9langes du verger \u00e0 base de p\u00eache et poire, ou des mariages tropicaux de bleuets et grenade: pas de doute, il y en a pour tous les go\u00fbts!<\/p>\n<\/div>\n                              <\/div>            <\/div>\n                  <\/div>\n      <\/div>\n    <\/div>\n    <div class=\"columns-carousel__navigation\">\n      <div class=\"swiper-button-prev\"><\/div>\n      <div class=\"swiper-button-next\"><\/div>\n      <div class=\"swiper-pagination\"><\/div>\n    <\/div>\n  <\/section>\n  \n\n\n<div class=\"wp-block-media-text alignwide is-stacked-on-mobile has-background\" style=\"background-color:#e5f5ea\"><figure class=\"wp-block-media-text__media\"><img decoding=\"async\" width=\"800\" height=\"864\" src=\"https:\/\/sunrype.wpbeta.vortexdev.com\/wp-content\/uploads\/2022\/07\/FTS_Image-4.jpg\" alt=\"\" class=\"wp-image-1025 size-full\" title=\"\" srcset=\"https:\/\/sunrype.wpbeta.vortexdev.com\/wp-content\/uploads\/2022\/07\/FTS_Image-4.jpg 800w, https:\/\/sunrype.wpbeta.vortexdev.com\/wp-content\/uploads\/2022\/07\/FTS_Image-4-278x300.jpg 278w, https:\/\/sunrype.wpbeta.vortexdev.com\/wp-content\/uploads\/2022\/07\/FTS_Image-4-768x829.jpg 768w\" sizes=\"(max-width: 800px) 100vw, 800px\" \/><\/figure><div class=\"wp-block-media-text__content\">\n<h2 class=\"wp-block-heading\"><strong><strong>Une collation sur le pouce? Facile!<\/strong><\/strong><\/h2>\n\n\n\n<p>Peu importe votre choix d&rsquo;aventure, Fruitsource a une saveur pour vous! Nos collations ne contiennent que des ingr\u00e9dients simples et nutritifs qui vous aideront \u00e0 faire le plein d&rsquo;\u00e9nergie, o\u00f9 que vous soyez.<\/p>\n\n\n\n<ul class=\"wp-block-list\">\n<li>100% fruits <\/li>\n\n\n\n<li>Sans gluten, sans noix, v\u00e9g\u00e9talien<\/li>\n\n\n\n<li>Sans colorants ni ar\u00f4mes artificiels<\/li>\n\n\n\n<li>Sans agents de conservation<\/li>\n\n\n\n<li>Source de fibres, de potassium et de vitamine A<\/li>\n\n\n\n<li>Casher<\/li>\n<\/ul>\n\n\n\n<div class=\"wp-block-buttons is-layout-flex wp-block-buttons-is-layout-flex\">\n<div class=\"wp-block-button\"><a class=\"wp-block-button__link wp-element-button\" href=\"https:\/\/sunrype.wpbeta.vortexdev.com\/fr\/nos-produits\/?_product_brand=sunrype-fruitsource\">Trouvez votre saveur<\/a><\/div>\n<\/div>\n<\/div><\/div>\n\n\n<section class=\"coupons-block theme-block aligndefault coupons-block--ctheme-04 style-gradient title-size-normal\">\n  <div class=\"coupons-content\">\n          <h2 class=\"coupons-title\">Trouvez votre accord collation parfait<\/h2>\n              <p class=\"coupons-subtitle\">Explorez nos produits 100% jus!<\/p>\n              <a class=\"btn--white cta-btn\" href=\"https:\/\/sunrype.wpbeta.vortexdev.com\/fr\/nos-produits\/100-jus\/\" target=\"\">D\u00e9couvrez-les ici<\/a>\n      <\/div>\n      <div class=\"coupons-img\">\n      <img decoding=\"async\" src=\"https:\/\/sunrype.wpbeta.vortexdev.com\/wp-content\/uploads\/2022\/06\/CTAbanner-fruitsource_100juice_FR.png\" alt=\"\" title=\"\">\n    <\/div>\n  <\/section>\n","protected":false},"excerpt":{"rendered":"","protected":false},"author":9,"featured_media":2794,"parent":0,"comment_status":"closed","ping_status":"closed","template":"","class_list":["post-487","product","type-product","status-publish","has-post-thumbnail","hentry"],"acf":[],"_links":{"self":[{"href":"https:\/\/sunrype.wpbeta.vortexdev.com\/fr\/wp-json\/wp\/v2\/product\/487"}],"collection":[{"href":"https:\/\/sunrype.wpbeta.vortexdev.com\/fr\/wp-json\/wp\/v2\/product"}],"about":[{"href":"https:\/\/sunrype.wpbeta.vortexdev.com\/fr\/wp-json\/wp\/v2\/types\/product"}],"author":[{"embeddable":true,"href":"https:\/\/sunrype.wpbeta.vortexdev.com\/fr\/wp-json\/wp\/v2\/users\/9"}],"replies":[{"embeddable":true,"href":"https:\/\/sunrype.wpbeta.vortexdev.com\/fr\/wp-json\/wp\/v2\/comments?post=487"}],"version-history":[{"count":0,"href":"https:\/\/sunrype.wpbeta.vortexdev.com\/fr\/wp-json\/wp\/v2\/product\/487\/revisions"}],"wp:featuredmedia":[{"embeddable":true,"href":"https:\/\/sunrype.wpbeta.vortexdev.com\/fr\/wp-json\/wp\/v2\/media\/2794"}],"wp:attachment":[{"href":"https:\/\/sunrype.wpbeta.vortexdev.com\/fr\/wp-json\/wp\/v2\/media?parent=487"}],"curies":[{"name":"wp","href":"https:\/\/api.w.org\/{rel}","templated":true}]}}